{"id":10002,"date":"2022-03-31T15:29:19","date_gmt":"2022-03-31T12:29:19","guid":{"rendered":"https:\/\/winegarden.fi\/?page_id=10002"},"modified":"2022-07-21T11:41:45","modified_gmt":"2022-07-21T08:41:45","slug":"eero-koivistoinen-quartet","status":"publish","type":"page","link":"https:\/\/winegarden.fi\/en\/esiintyjat\/eero-koivistoinen-quartet\/","title":{"rendered":"Eero Koivistoinen Quartet"},"content":{"rendered":"<p><img width=\"800\" height=\"800\" src=\"https:\/\/i0.wp.com\/winegarden.fi\/wp-content\/uploads\/2022\/04\/EKQ2.jpg?resize=800%2C800&#038;ssl=1\" alt=\"\" loading=\"lazy\" srcset=\"https:\/\/i0.wp.com\/winegarden.fi\/wp-content\/uploads\/2022\/04\/EKQ2.jpg?w=800&amp;ssl=1 800w, https:\/\/i0.wp.com\/winegarden.fi\/wp-content\/uploads\/2022\/04\/EKQ2.jpg?resize=300%2C300&amp;ssl=1 300w, https:\/\/i0.wp.com\/winegarden.fi\/wp-content\/uploads\/2022\/04\/EKQ2.jpg?resize=150%2C150&amp;ssl=1 150w, https:\/\/i0.wp.com\/winegarden.fi\/wp-content\/uploads\/2022\/04\/EKQ2.jpg?resize=768%2C768&amp;ssl=1 768w, https:\/\/i0.wp.com\/winegarden.fi\/wp-content\/uploads\/2022\/04\/EKQ2.jpg?resize=12%2C12&amp;ssl=1 12w\" sizes=\"(max-width: 800px) 100vw, 800px\" data-recalc-dims=\"1\"><\/p>\n<h2>Eero Koivistoinen Quartet<\/h2>\n<p>Kotimaisen jazzin el\u00e4v\u00e4 legenda!<\/p>\n<p>Wine Gardenin lauantain ohjelman avaa 76-vuotias s\u00e4velt\u00e4j\u00e4-saksofonisti Eero Koivistoinen yhdess\u00e4 kvartettinsa kanssa. Koivistoisen kanssa lavalle nousevat pianisti Alexi Tuomarila, basisti Jori Huhtala ja rumpali Jussi Lehtonen.<\/p>\n<p>Eero Koivistoinen is truly a legend in Finnish jazz &#8211; or as the current terminology would have it, a genuine &#8221;local hero&#8221;. He really deserves much greater recognition across Europe&#8230;<\/p>\n<p>&#8211; Stuart Nicholson<\/p>\n<p><a href=\"https:\/\/winegarden.fi\/en\/esiintyjat\/\" role=\"button\"><br \/>\nTakaisin esiintyjiin &gt;&gt;<br \/>\n<\/a><\/p>","protected":false},"excerpt":{"rendered":"<p>Eero Koivistoinen Quartet Kotimaisen jazzin el\u00e4v\u00e4 legenda! Wine Gardenin lauantain ohjelman avaa 76-vuotias s\u00e4velt\u00e4j\u00e4-saksofonisti Eero Koivistoinen yhdess\u00e4 kvartettinsa kanssa. Koivistoisen kanssa lavalle nousevat pianisti Alexi Tuomarila, basisti Jori Huhtala ja rumpali Jussi Lehtonen. Eero Koivistoinen is truly a legend in Finnish jazz &#8211; or as the current terminology would have it, a genuine &#8221;local hero&#8221;. [&hellip;]<\/p>\n","protected":false},"author":2,"featured_media":0,"parent":9640,"menu_order":0,"comment_status":"closed","ping_status":"closed","template":"elementor_header_footer","meta":[],"_links":{"self":[{"href":"https:\/\/winegarden.fi\/en\/wp-json\/wp\/v2\/pages\/10002"}],"collection":[{"href":"https:\/\/winegarden.fi\/en\/wp-json\/wp\/v2\/pages"}],"about":[{"href":"https:\/\/winegarden.fi\/en\/wp-json\/wp\/v2\/types\/page"}],"author":[{"embeddable":true,"href":"https:\/\/winegarden.fi\/en\/wp-json\/wp\/v2\/users\/2"}],"replies":[{"embeddable":true,"href":"https:\/\/winegarden.fi\/en\/wp-json\/wp\/v2\/comments?post=10002"}],"version-history":[{"count":14,"href":"https:\/\/winegarden.fi\/en\/wp-json\/wp\/v2\/pages\/10002\/revisions"}],"predecessor-version":[{"id":10137,"href":"https:\/\/winegarden.fi\/en\/wp-json\/wp\/v2\/pages\/10002\/revisions\/10137"}],"up":[{"embeddable":true,"href":"https:\/\/winegarden.fi\/en\/wp-json\/wp\/v2\/pages\/9640"}],"wp:attachment":[{"href":"https:\/\/winegarden.fi\/en\/wp-json\/wp\/v2\/media?parent=10002"}],"curies":[{"name":"wp","href":"https:\/\/api.w.org\/{rel}","templated":true}]}}