{"id":9622,"date":"2022-03-05T12:25:46","date_gmt":"2022-03-05T10:25:46","guid":{"rendered":"https:\/\/winegarden.fi\/?page_id=9622"},"modified":"2022-03-23T09:37:31","modified_gmt":"2022-03-23T07:37:31","slug":"vapaaehtoiseksi","status":"publish","type":"page","link":"https:\/\/winegarden.fi\/en\/vapaaehtoiseksi\/","title":{"rendered":"Vapaaehtoiseksi"},"content":{"rendered":"\t\t<div data-elementor-type=\"wp-page\" data-elementor-id=\"9622\" class=\"elementor elementor-9622\">\n\t\t\t\t\t\t\t\t\t<section class=\"elementor-section elementor-top-section elementor-element elementor-element-33424c6 elementor-section-boxed elementor-section-height-default elementor-section-height-default\" data-id=\"33424c6\" data-element_type=\"section\">\n\t\t\t\t\t\t<div class=\"elementor-container elementor-column-gap-default\">\n\t\t\t\t\t<div class=\"elementor-column elementor-col-100 elementor-top-column elementor-element elementor-element-f7508cd\" data-id=\"f7508cd\" data-element_type=\"column\">\n\t\t\t<div class=\"elementor-widget-wrap elementor-element-populated\">\n\t\t\t\t\t\t\t\t<div class=\"elementor-element elementor-element-20cdc76 elementor-widget elementor-widget-heading\" data-id=\"20cdc76\" data-element_type=\"widget\" data-widget_type=\"heading.default\">\n\t\t\t\t<div class=\"elementor-widget-container\">\n\t\t\t<style>\/*! elementor - v3.15.0 - 20-08-2023 *\/\n.elementor-heading-title{padding:0;margin:0;line-height:1}.elementor-widget-heading .elementor-heading-title[class*=elementor-size-]>a{color:inherit;font-size:inherit;line-height:inherit}.elementor-widget-heading .elementor-heading-title.elementor-size-small{font-size:15px}.elementor-widget-heading .elementor-heading-title.elementor-size-medium{font-size:19px}.elementor-widget-heading .elementor-heading-title.elementor-size-large{font-size:29px}.elementor-widget-heading .elementor-heading-title.elementor-size-xl{font-size:39px}.elementor-widget-heading .elementor-heading-title.elementor-size-xxl{font-size:59px}<\/style><h2 class=\"elementor-heading-title elementor-size-default\">Kiinnostaako kurkata kulissien taakse?<\/h2>\t\t<\/div>\n\t\t\t\t<\/div>\n\t\t\t\t<section class=\"elementor-section elementor-inner-section elementor-element elementor-element-87cc2b2 elementor-section-boxed elementor-section-height-default elementor-section-height-default\" data-id=\"87cc2b2\" data-element_type=\"section\">\n\t\t\t\t\t\t<div class=\"elementor-container elementor-column-gap-default\">\n\t\t\t\t\t<div class=\"elementor-column elementor-col-50 elementor-inner-column elementor-element elementor-element-ed345a3\" data-id=\"ed345a3\" data-element_type=\"column\">\n\t\t\t<div class=\"elementor-widget-wrap elementor-element-populated\">\n\t\t\t\t\t\t\t\t<div class=\"elementor-element elementor-element-30b077b elementor-widget elementor-widget-text-editor\" data-id=\"30b077b\" data-element_type=\"widget\" data-widget_type=\"text-editor.default\">\n\t\t\t\t<div class=\"elementor-widget-container\">\n\t\t\t<style>\/*! elementor - v3.15.0 - 20-08-2023 *\/\n.elementor-widget-text-editor.elementor-drop-cap-view-stacked .elementor-drop-cap{background-color:#69727d;color:#fff}.elementor-widget-text-editor.elementor-drop-cap-view-framed .elementor-drop-cap{color:#69727d;border:3px solid;background-color:transparent}.elementor-widget-text-editor:not(.elementor-drop-cap-view-default) .elementor-drop-cap{margin-top:8px}.elementor-widget-text-editor:not(.elementor-drop-cap-view-default) .elementor-drop-cap-letter{width:1em;height:1em}.elementor-widget-text-editor .elementor-drop-cap{float:left;text-align:center;line-height:1;font-size:50px}.elementor-widget-text-editor .elementor-drop-cap-letter{display:inline-block}<\/style>\t\t\t\t<p>Wine Gardenissa p\u00e4\u00e4set kurkistamaan viini-ja jazzfestivaalin kulisseihin, sek\u00e4 osallistumaan tapahtumaj\u00e4rjest\u00e4miseen ja oppimaan sen saloja. Luvassa on uusia kontakteja, yst\u00e4vyyksi\u00e4, ty\u00f6kokemusta ja ennenkaikkea hauskanpitoa!<\/p><p>J\u00e4rjest\u00e4j\u00e4t tekev\u00e4t t\u00f6it\u00e4 tapahtuman mahdollistamiseksi ymp\u00e4ri vuoden, mutta juuri Sin\u00e4 voit olla se puuttuva palanen jonka tarvitsemme paikalle loppurutistukseen.<\/p><p>Talkoovuorot sijoittuvat p\u00e4\u00e4asiassa tapahtumap\u00e4iville, mutta my\u00f6s rakennus- ja purkup\u00e4iville on tekemist\u00e4 tarjolla. Jokaisen talkoolaisen kanssa on mahdollista sopia henkil\u00f6kohtainen ty\u00f6panos omien mahdollisuuksien pohjalta.<\/p>\t\t\t\t\t\t<\/div>\n\t\t\t\t<\/div>\n\t\t\t\t\t<\/div>\n\t\t<\/div>\n\t\t\t\t<div class=\"elementor-column elementor-col-50 elementor-inner-column elementor-element elementor-element-34f0dcb\" data-id=\"34f0dcb\" data-element_type=\"column\">\n\t\t\t<div class=\"elementor-widget-wrap elementor-element-populated\">\n\t\t\t\t\t\t\t\t<div class=\"elementor-element elementor-element-b9402ab elementor-widget elementor-widget-image\" data-id=\"b9402ab\" data-element_type=\"widget\" data-widget_type=\"image.default\">\n\t\t\t\t<div class=\"elementor-widget-container\">\n\t\t\t<style>\/*! elementor - v3.15.0 - 20-08-2023 *\/\n.elementor-widget-image{text-align:center}.elementor-widget-image a{display:inline-block}.elementor-widget-image a img[src$=\".svg\"]{width:48px}.elementor-widget-image img{vertical-align:middle;display:inline-block}<\/style>\t\t\t\t\t\t\t\t\t\t\t\t<img width=\"540\" height=\"360\" src=\"https:\/\/i0.wp.com\/winegarden.fi\/wp-content\/uploads\/2022\/03\/WG_vapaaehtoiseksi2.jpg?fit=540%2C360&amp;ssl=1\" class=\"attachment-full size-full wp-image-9827\" alt=\"\" loading=\"lazy\" srcset=\"https:\/\/i0.wp.com\/winegarden.fi\/wp-content\/uploads\/2022\/03\/WG_vapaaehtoiseksi2.jpg?w=540&amp;ssl=1 540w, https:\/\/i0.wp.com\/winegarden.fi\/wp-content\/uploads\/2022\/03\/WG_vapaaehtoiseksi2.jpg?resize=300%2C200&amp;ssl=1 300w, https:\/\/i0.wp.com\/winegarden.fi\/wp-content\/uploads\/2022\/03\/WG_vapaaehtoiseksi2.jpg?resize=18%2C12&amp;ssl=1 18w\" sizes=\"(max-width: 540px) 100vw, 540px\" \/>\t\t\t\t\t\t\t\t\t\t\t\t\t\t\t<\/div>\n\t\t\t\t<\/div>\n\t\t\t\t\t<\/div>\n\t\t<\/div>\n\t\t\t\t\t\t\t<\/div>\n\t\t<\/section>\n\t\t\t\t\t<\/div>\n\t\t<\/div>\n\t\t\t\t\t\t\t<\/div>\n\t\t<\/section>\n\t\t\t\t<section class=\"elementor-section elementor-top-section elementor-element elementor-element-fbbebc5 elementor-section-boxed elementor-section-height-default elementor-section-height-default\" data-id=\"fbbebc5\" data-element_type=\"section\">\n\t\t\t\t\t\t<div class=\"elementor-container elementor-column-gap-default\">\n\t\t\t\t\t<div class=\"elementor-column elementor-col-100 elementor-top-column elementor-element elementor-element-278d31d\" data-id=\"278d31d\" data-element_type=\"column\">\n\t\t\t<div class=\"elementor-widget-wrap elementor-element-populated\">\n\t\t\t\t\t\t\t\t<div class=\"elementor-element elementor-element-6bba550 elementor-widget elementor-widget-text-editor\" data-id=\"6bba550\" data-element_type=\"widget\" data-widget_type=\"text-editor.default\">\n\t\t\t\t<div class=\"elementor-widget-container\">\n\t\t\t\t\t\t\t<p>\u00a0<\/p><p>Talkooty\u00f6st\u00e4si saat my\u00f6s ty\u00f6todistuksen tarvittaessa ja JAMK:n opiskelijoilla on mahdollisuus opintopisteisiin.<\/p><p>Pid\u00e4mme kattavat perehdytystilaisuudet jokaisista teht\u00e4vist\u00e4 ja yleisist\u00e4 asioista ennen tapahtumaa, joten kenenk\u00e4\u00e4n ei tarvitse saapua paikalle t\u00e4ysin tuntemattomana tai tiet\u00e4m\u00e4tt\u00f6m\u00e4n\u00e4.<\/p><p>Tervetuloa mukaan tuottamaan uudenlaista festivaaliel\u00e4myst\u00e4 kanssamme!<\/p>\t\t\t\t\t\t<\/div>\n\t\t\t\t<\/div>\n\t\t\t\t\t<\/div>\n\t\t<\/div>\n\t\t\t\t\t\t\t<\/div>\n\t\t<\/section>\n\t\t\t\t<section class=\"elementor-section elementor-top-section elementor-element elementor-element-a2328ef elementor-section-boxed elementor-section-height-default elementor-section-height-default\" data-id=\"a2328ef\" data-element_type=\"section\">\n\t\t\t\t\t\t<div class=\"elementor-container elementor-column-gap-default\">\n\t\t\t\t\t<div class=\"elementor-column elementor-col-50 elementor-top-column elementor-element elementor-element-a184f37\" data-id=\"a184f37\" data-element_type=\"column\">\n\t\t\t<div class=\"elementor-widget-wrap elementor-element-populated\">\n\t\t\t\t\t\t\t\t<div class=\"elementor-element elementor-element-63e4eef elementor-widget elementor-widget-heading\" data-id=\"63e4eef\" data-element_type=\"widget\" data-widget_type=\"heading.default\">\n\t\t\t\t<div class=\"elementor-widget-container\">\n\t\t\t<h4 class=\"elementor-heading-title elementor-size-default\">Tarjoamme:<\/h4>\t\t<\/div>\n\t\t\t\t<\/div>\n\t\t\t\t<div class=\"elementor-element elementor-element-57dda86 elementor-align-center elementor-icon-list--layout-traditional elementor-list-item-link-full_width elementor-widget elementor-widget-icon-list\" data-id=\"57dda86\" data-element_type=\"widget\" data-widget_type=\"icon-list.default\">\n\t\t\t\t<div class=\"elementor-widget-container\">\n\t\t\t<link rel=\"stylesheet\" href=\"https:\/\/winegarden.fi\/wp-content\/plugins\/elementor\/assets\/css\/widget-icon-list.min.css\">\t\t<ul class=\"elementor-icon-list-items\">\n\t\t\t\t\t\t\t<li class=\"elementor-icon-list-item\">\n\t\t\t\t\t\t\t\t\t\t\t<span class=\"elementor-icon-list-icon\">\n\t\t\t\t\t\t\t<i aria-hidden=\"true\" class=\"fas fa-check\"><\/i>\t\t\t\t\t\t<\/span>\n\t\t\t\t\t\t\t\t\t\t<span class=\"elementor-icon-list-text\">Hauskoja tapahtumia talkoolaisille<\/span>\n\t\t\t\t\t\t\t\t\t<\/li>\n\t\t\t\t\t\t\t\t<li class=\"elementor-icon-list-item\">\n\t\t\t\t\t\t\t\t\t\t\t<span class=\"elementor-icon-list-icon\">\n\t\t\t\t\t\t\t<i aria-hidden=\"true\" class=\"fas fa-check\"><\/i>\t\t\t\t\t\t<\/span>\n\t\t\t\t\t\t\t\t\t\t<span class=\"elementor-icon-list-text\">Arvokasta ty\u00f6kokemusta<\/span>\n\t\t\t\t\t\t\t\t\t<\/li>\n\t\t\t\t\t\t\t\t<li class=\"elementor-icon-list-item\">\n\t\t\t\t\t\t\t\t\t\t\t<span class=\"elementor-icon-list-icon\">\n\t\t\t\t\t\t\t<i aria-hidden=\"true\" class=\"fas fa-check\"><\/i>\t\t\t\t\t\t<\/span>\n\t\t\t\t\t\t\t\t\t\t<span class=\"elementor-icon-list-text\">JAMK:n opiskelijoilla mahdollisuus opintopisteisiin<\/span>\n\t\t\t\t\t\t\t\t\t<\/li>\n\t\t\t\t\t\t\t\t<li class=\"elementor-icon-list-item\">\n\t\t\t\t\t\t\t\t\t\t\t<span class=\"elementor-icon-list-icon\">\n\t\t\t\t\t\t\t<i aria-hidden=\"true\" class=\"fas fa-check\"><\/i>\t\t\t\t\t\t<\/span>\n\t\t\t\t\t\t\t\t\t\t<span class=\"elementor-icon-list-text\">Rennon ja nuorekkaan ilmapiirin<\/span>\n\t\t\t\t\t\t\t\t\t<\/li>\n\t\t\t\t\t\t\t\t<li class=\"elementor-icon-list-item\">\n\t\t\t\t\t\t\t\t\t\t\t<span class=\"elementor-icon-list-icon\">\n\t\t\t\t\t\t\t<i aria-hidden=\"true\" class=\"fas fa-check\"><\/i>\t\t\t\t\t\t<\/span>\n\t\t\t\t\t\t\t\t\t\t<span class=\"elementor-icon-list-text\">Mahdollisuuden verkostoitua<\/span>\n\t\t\t\t\t\t\t\t\t<\/li>\n\t\t\t\t\t\t\t\t<li class=\"elementor-icon-list-item\">\n\t\t\t\t\t\t\t\t\t\t\t<span class=\"elementor-icon-list-icon\">\n\t\t\t\t\t\t\t<i aria-hidden=\"true\" class=\"fas fa-check\"><\/i>\t\t\t\t\t\t<\/span>\n\t\t\t\t\t\t\t\t\t\t<span class=\"elementor-icon-list-text\">Tilaisuuden haastaa ja toteuttaa itse\u00e4si<\/span>\n\t\t\t\t\t\t\t\t\t<\/li>\n\t\t\t\t\t\t<\/ul>\n\t\t\t\t<\/div>\n\t\t\t\t<\/div>\n\t\t\t\t<div class=\"elementor-element elementor-element-7347fb9 elementor-align-center elementor-widget elementor-widget-button\" data-id=\"7347fb9\" data-element_type=\"widget\" data-widget_type=\"button.default\">\n\t\t\t\t<div class=\"elementor-widget-container\">\n\t\t\t\t\t<div class=\"elementor-button-wrapper\">\n\t\t\t<a class=\"elementor-button elementor-button-link elementor-size-sm\" href=\"https:\/\/forms.gle\/3tbyW93JPEdKJozt6\" target=\"_blank\" rel=\"noopener\">\n\t\t\t\t\t\t<span class=\"elementor-button-content-wrapper\">\n\t\t\t\t\t\t<span class=\"elementor-button-icon elementor-align-icon-left\">\n\t\t\t\t<i aria-hidden=\"true\" class=\"fas fa-arrow-right\"><\/i>\t\t\t<\/span>\n\t\t\t\t\t\t<span class=\"elementor-button-text\">T\u00e4yt\u00e4 hakemus<\/span>\n\t\t<\/span>\n\t\t\t\t\t<\/a>\n\t\t<\/div>\n\t\t\t\t<\/div>\n\t\t\t\t<\/div>\n\t\t\t\t\t<\/div>\n\t\t<\/div>\n\t\t\t\t<div class=\"elementor-column elementor-col-50 elementor-top-column elementor-element elementor-element-bc086a7\" data-id=\"bc086a7\" data-element_type=\"column\">\n\t\t\t<div class=\"elementor-widget-wrap elementor-element-populated\">\n\t\t\t\t\t\t\t\t<div class=\"elementor-element elementor-element-98415b7 elementor-widget elementor-widget-image\" data-id=\"98415b7\" data-element_type=\"widget\" data-widget_type=\"image.default\">\n\t\t\t\t<div class=\"elementor-widget-container\">\n\t\t\t\t\t\t\t\t\t\t\t\t\t\t\t<img width=\"540\" height=\"360\" src=\"https:\/\/i0.wp.com\/winegarden.fi\/wp-content\/uploads\/2022\/03\/WG_vapaaehtoiseksi.jpg?fit=540%2C360&amp;ssl=1\" class=\"attachment-full size-full wp-image-9826\" alt=\"\" loading=\"lazy\" srcset=\"https:\/\/i0.wp.com\/winegarden.fi\/wp-content\/uploads\/2022\/03\/WG_vapaaehtoiseksi.jpg?w=540&amp;ssl=1 540w, https:\/\/i0.wp.com\/winegarden.fi\/wp-content\/uploads\/2022\/03\/WG_vapaaehtoiseksi.jpg?resize=300%2C200&amp;ssl=1 300w, https:\/\/i0.wp.com\/winegarden.fi\/wp-content\/uploads\/2022\/03\/WG_vapaaehtoiseksi.jpg?resize=18%2C12&amp;ssl=1 18w\" sizes=\"(max-width: 540px) 100vw, 540px\" \/>\t\t\t\t\t\t\t\t\t\t\t\t\t\t\t<\/div>\n\t\t\t\t<\/div>\n\t\t\t\t\t<\/div>\n\t\t<\/div>\n\t\t\t\t\t\t\t<\/div>\n\t\t<\/section>\n\t\t\t\t<section class=\"elementor-section elementor-top-section elementor-element elementor-element-eeb1a43 elementor-section-boxed elementor-section-height-default elementor-section-height-default\" data-id=\"eeb1a43\" data-element_type=\"section\">\n\t\t\t\t\t\t<div class=\"elementor-container elementor-column-gap-default\">\n\t\t\t\t\t<div class=\"elementor-column elementor-col-100 elementor-top-column elementor-element elementor-element-f7da903\" data-id=\"f7da903\" data-element_type=\"column\">\n\t\t\t<div class=\"elementor-widget-wrap elementor-element-populated\">\n\t\t\t\t\t\t\t\t<div class=\"elementor-element elementor-element-fdaa2f2 elementor-widget elementor-widget-heading\" data-id=\"fdaa2f2\" data-element_type=\"widget\" data-widget_type=\"heading.default\">\n\t\t\t\t<div class=\"elementor-widget-container\">\n\t\t\t<h3 class=\"elementor-heading-title elementor-size-default\">Her\u00e4sik\u00f6 kysytt\u00e4v\u00e4\u00e4?<\/h3>\t\t<\/div>\n\t\t\t\t<\/div>\n\t\t\t\t<div class=\"elementor-element elementor-element-fcb8939 elementor-widget elementor-widget-text-editor\" data-id=\"fcb8939\" data-element_type=\"widget\" data-widget_type=\"text-editor.default\">\n\t\t\t\t<div class=\"elementor-widget-container\">\n\t\t\t\t\t\t\t<p>Ota rohkeasti yhteytt\u00e4, niin kerromme mielell\u00e4mme lis\u00e4\u00e4!<\/p>\t\t\t\t\t\t<\/div>\n\t\t\t\t<\/div>\n\t\t\t\t<div class=\"elementor-element elementor-element-5cd90c9 elementor-align-center elementor-icon-list--layout-traditional elementor-list-item-link-full_width elementor-widget elementor-widget-icon-list\" data-id=\"5cd90c9\" data-element_type=\"widget\" data-widget_type=\"icon-list.default\">\n\t\t\t\t<div class=\"elementor-widget-container\">\n\t\t\t\t\t<ul class=\"elementor-icon-list-items\">\n\t\t\t\t\t\t\t<li class=\"elementor-icon-list-item\">\n\t\t\t\t\t\t\t\t\t\t<span class=\"elementor-icon-list-text\"><b> Roosa Pihlajam\u00e4ki<\/span>\n\t\t\t\t\t\t\t\t\t<\/li>\n\t\t\t\t\t\t\t\t<li class=\"elementor-icon-list-item\">\n\t\t\t\t\t\t\t\t\t\t<span class=\"elementor-icon-list-text\">Henkil\u00f6st\u00f6vastaava<\/span>\n\t\t\t\t\t\t\t\t\t<\/li>\n\t\t\t\t\t\t\t\t<li class=\"elementor-icon-list-item\">\n\t\t\t\t\t\t\t\t\t\t\t<a href=\"tel:040%20550%202364\">\n\n\t\t\t\t\t\t\t\t\t\t\t\t<span class=\"elementor-icon-list-icon\">\n\t\t\t\t\t\t\t<i aria-hidden=\"true\" class=\"fas fa-phone\"><\/i>\t\t\t\t\t\t<\/span>\n\t\t\t\t\t\t\t\t\t\t<span class=\"elementor-icon-list-text\">040 550 2364<\/span>\n\t\t\t\t\t\t\t\t\t\t\t<\/a>\n\t\t\t\t\t\t\t\t\t<\/li>\n\t\t\t\t\t\t\t\t<li class=\"elementor-icon-list-item\">\n\t\t\t\t\t\t\t\t\t\t\t<a href=\"mailto:info@winegarden.fi\">\n\n\t\t\t\t\t\t\t\t\t\t\t\t<span class=\"elementor-icon-list-icon\">\n\t\t\t\t\t\t\t<i aria-hidden=\"true\" class=\"far fa-envelope\"><\/i>\t\t\t\t\t\t<\/span>\n\t\t\t\t\t\t\t\t\t\t<span class=\"elementor-icon-list-text\">info@winegarden.fi<\/span>\n\t\t\t\t\t\t\t\t\t\t\t<\/a>\n\t\t\t\t\t\t\t\t\t<\/li>\n\t\t\t\t\t\t<\/ul>\n\t\t\t\t<\/div>\n\t\t\t\t<\/div>\n\t\t\t\t\t<\/div>\n\t\t<\/div>\n\t\t\t\t\t\t\t<\/div>\n\t\t<\/section>\n\t\t\t\t\t\t\t<\/div>\n\t\t","protected":false},"excerpt":{"rendered":"<p>Kiinnostaako kurkata kulissien taakse? Wine Gardenissa p\u00e4\u00e4set kurkistamaan viini-ja jazzfestivaalin kulisseihin, sek\u00e4 osallistumaan tapahtumaj\u00e4rjest\u00e4miseen ja oppimaan sen saloja. Luvassa on uusia kontakteja, yst\u00e4vyyksi\u00e4, ty\u00f6kokemusta ja ennenkaikkea hauskanpitoa! J\u00e4rjest\u00e4j\u00e4t tekev\u00e4t t\u00f6it\u00e4 tapahtuman mahdollistamiseksi ymp\u00e4ri vuoden, mutta juuri Sin\u00e4 voit olla se puuttuva palanen jonka tarvitsemme paikalle loppurutistukseen. Talkoovuorot sijoittuvat p\u00e4\u00e4asiassa tapahtumap\u00e4iville, mutta my\u00f6s rakennus- ja purkup\u00e4iville [&hellip;]<\/p>\n","protected":false},"author":2,"featured_media":0,"parent":0,"menu_order":0,"comment_status":"closed","ping_status":"closed","template":"","meta":[],"_links":{"self":[{"href":"https:\/\/winegarden.fi\/en\/wp-json\/wp\/v2\/pages\/9622"}],"collection":[{"href":"https:\/\/winegarden.fi\/en\/wp-json\/wp\/v2\/pages"}],"about":[{"href":"https:\/\/winegarden.fi\/en\/wp-json\/wp\/v2\/types\/page"}],"author":[{"embeddable":true,"href":"https:\/\/winegarden.fi\/en\/wp-json\/wp\/v2\/users\/2"}],"replies":[{"embeddable":true,"href":"https:\/\/winegarden.fi\/en\/wp-json\/wp\/v2\/comments?post=9622"}],"version-history":[{"count":37,"href":"https:\/\/winegarden.fi\/en\/wp-json\/wp\/v2\/pages\/9622\/revisions"}],"predecessor-version":[{"id":9860,"href":"https:\/\/winegarden.fi\/en\/wp-json\/wp\/v2\/pages\/9622\/revisions\/9860"}],"wp:attachment":[{"href":"https:\/\/winegarden.fi\/en\/wp-json\/wp\/v2\/media?parent=9622"}],"curies":[{"name":"wp","href":"https:\/\/api.w.org\/{rel}","templated":true}]}}