{"id":9631,"date":"2022-03-05T12:46:10","date_gmt":"2022-03-05T10:46:10","guid":{"rendered":"https:\/\/winegarden.fi\/?page_id=9631"},"modified":"2022-03-17T10:21:08","modified_gmt":"2022-03-17T08:21:08","slug":"tarinamme","status":"publish","type":"page","link":"https:\/\/winegarden.fi\/en\/tarinamme\/","title":{"rendered":"Tarinamme"},"content":{"rendered":"\t\t<div data-elementor-type=\"wp-page\" data-elementor-id=\"9631\" class=\"elementor elementor-9631\">\n\t\t\t\t\t\t\t\t\t<section class=\"elementor-section elementor-top-section elementor-element elementor-element-1b1fa33 elementor-section-boxed elementor-section-height-default elementor-section-height-default\" data-id=\"1b1fa33\" data-element_type=\"section\">\n\t\t\t\t\t\t<div class=\"elementor-container elementor-column-gap-default\">\n\t\t\t\t\t<div class=\"elementor-column elementor-col-100 elementor-top-column elementor-element elementor-element-37e303f\" data-id=\"37e303f\" data-element_type=\"column\">\n\t\t\t<div class=\"elementor-widget-wrap elementor-element-populated\">\n\t\t\t\t\t\t\t\t<div class=\"elementor-element elementor-element-79f4f23 elementor-widget elementor-widget-heading\" data-id=\"79f4f23\" data-element_type=\"widget\" data-widget_type=\"heading.default\">\n\t\t\t\t<div class=\"elementor-widget-container\">\n\t\t\t<style>\/*! elementor - v3.15.0 - 20-08-2023 *\/\n.elementor-heading-title{padding:0;margin:0;line-height:1}.elementor-widget-heading .elementor-heading-title[class*=elementor-size-]>a{color:inherit;font-size:inherit;line-height:inherit}.elementor-widget-heading .elementor-heading-title.elementor-size-small{font-size:15px}.elementor-widget-heading .elementor-heading-title.elementor-size-medium{font-size:19px}.elementor-widget-heading .elementor-heading-title.elementor-size-large{font-size:29px}.elementor-widget-heading .elementor-heading-title.elementor-size-xl{font-size:39px}.elementor-widget-heading .elementor-heading-title.elementor-size-xxl{font-size:59px}<\/style><h2 class=\"elementor-heading-title elementor-size-default\">Wine Garden<\/h2>\t\t<\/div>\n\t\t\t\t<\/div>\n\t\t\t\t\t<\/div>\n\t\t<\/div>\n\t\t\t\t\t\t\t<\/div>\n\t\t<\/section>\n\t\t\t\t<section class=\"elementor-section elementor-top-section elementor-element elementor-element-933edd7 elementor-section-boxed elementor-section-height-default elementor-section-height-default\" data-id=\"933edd7\" data-element_type=\"section\">\n\t\t\t\t\t\t<div class=\"elementor-container elementor-column-gap-default\">\n\t\t\t\t\t<div class=\"elementor-column elementor-col-50 elementor-top-column elementor-element elementor-element-04311f4\" data-id=\"04311f4\" data-element_type=\"column\">\n\t\t\t<div class=\"elementor-widget-wrap elementor-element-populated\">\n\t\t\t\t\t\t\t\t<div class=\"elementor-element elementor-element-4468be5 elementor-widget elementor-widget-text-editor\" data-id=\"4468be5\" data-element_type=\"widget\" data-widget_type=\"text-editor.default\">\n\t\t\t\t<div class=\"elementor-widget-container\">\n\t\t\t<style>\/*! elementor - v3.15.0 - 20-08-2023 *\/\n.elementor-widget-text-editor.elementor-drop-cap-view-stacked .elementor-drop-cap{background-color:#69727d;color:#fff}.elementor-widget-text-editor.elementor-drop-cap-view-framed .elementor-drop-cap{color:#69727d;border:3px solid;background-color:transparent}.elementor-widget-text-editor:not(.elementor-drop-cap-view-default) .elementor-drop-cap{margin-top:8px}.elementor-widget-text-editor:not(.elementor-drop-cap-view-default) .elementor-drop-cap-letter{width:1em;height:1em}.elementor-widget-text-editor .elementor-drop-cap{float:left;text-align:center;line-height:1;font-size:50px}.elementor-widget-text-editor .elementor-drop-cap-letter{display:inline-block}<\/style>\t\t\t\t<p><span style=\"font-weight: 400;\">S\u00e4v\u00e4ytt\u00e4v\u00e4 viinitapahtuma, uudet trendikk\u00e4\u00e4t maut helposti saatavilla, leppoisa mutta mukaansatempaava tunnelma pimenev\u00e4ss\u00e4 illassa, musiikki joka ei j\u00e4t\u00e4 kylm\u00e4ksi\u2026<\/span><\/p><p><span style=\"font-weight: 400;\">T\u00e4st\u00e4 kaikesta haaveilimme ja t\u00e4m\u00e4n halusimme teille toteuttaa!<\/span><\/p><p><span style=\"font-weight: 400;\">OlutSataman tuottajatiimi j\u00e4rjesti aivan uuden, upean puistofestivaalin nimelt\u00e4 Wine Garden ensimm\u00e4ist\u00e4 kertaa elokuussa 2019 Jyv\u00e4skyl\u00e4n Lounaispuistossa.\u00a0<\/span><\/p><p><span style=\"font-weight: 400;\">Tunnelmallinen puistomilj\u00f6\u00f6, upea esiintymislava ja Jyv\u00e4skyl\u00e4n vahvat juuret jazzmusiikin parissa siivittiv\u00e4t meid\u00e4t tuottamaan yhden unohtumattomimmista tapahtumistamme.\u00a0<\/span><\/p><p><span style=\"font-weight: 400;\">Wine Garden tarjoaa k\u00e4vij\u00f6illeen jazzmusiikin sykett\u00e4, laadukkaita viinej\u00e4 sek\u00e4 urbaanin puistomilj\u00f6\u00f6n, joka her\u00e4\u00e4 eloon elokuun h\u00e4m\u00e4rtyviss\u00e4 illoissa. Vieraamme p\u00e4\u00e4sev\u00e4t nauttimaan live jazzista Suomen k\u00e4rkinimien tahtiin, ja nauttimaan uusien trendiviinien sek\u00e4 vanhojen klassikoiden makuhermoja hivelevist\u00e4 mauista. Aidoista raaka-aineista tehty ruoka ja mukaansatempaava oheisohjelma viimeistelev\u00e4t kokonaisuuden.<\/span><\/p><p><span style=\"font-weight: 400;\">Valmistaudu kokemaan ainutlaatuinen ja ihana Wine Garden-tunnelma uudelleen elokuussa 2022, kun valovoimaiset jazz-artistit valtaavat Lounaispuiston lavan j\u00e4lleen!<\/span><\/p><p><span style=\"font-weight: 400;\">Toivotamme teid\u00e4t kaikki tervetulleiksi Wine Gardeniin <\/span><\/p><p><span style=\"font-weight: 400;\">Roosa &amp; Satu<\/span><\/p>\t\t\t\t\t\t<\/div>\n\t\t\t\t<\/div>\n\t\t\t\t\t<\/div>\n\t\t<\/div>\n\t\t\t\t<div class=\"elementor-column elementor-col-50 elementor-top-column elementor-element elementor-element-88fd3c3\" data-id=\"88fd3c3\" data-element_type=\"column\">\n\t\t\t<div class=\"elementor-widget-wrap elementor-element-populated\">\n\t\t\t\t\t\t\t\t<div class=\"elementor-element elementor-element-fd5d833 elementor-arrows-position-inside elementor-pagination-position-outside elementor-widget elementor-widget-image-carousel\" data-id=\"fd5d833\" data-element_type=\"widget\" data-settings=\"{&quot;slides_to_show&quot;:&quot;1&quot;,&quot;navigation&quot;:&quot;both&quot;,&quot;autoplay&quot;:&quot;yes&quot;,&quot;pause_on_hover&quot;:&quot;yes&quot;,&quot;pause_on_interaction&quot;:&quot;yes&quot;,&quot;autoplay_speed&quot;:5000,&quot;infinite&quot;:&quot;yes&quot;,&quot;effect&quot;:&quot;slide&quot;,&quot;speed&quot;:500}\" data-widget_type=\"image-carousel.default\">\n\t\t\t\t<div class=\"elementor-widget-container\">\n\t\t\t<style>\/*! elementor - v3.15.0 - 20-08-2023 *\/\n.elementor-widget-image-carousel .swiper,.elementor-widget-image-carousel .swiper-container{position:static}.elementor-widget-image-carousel .swiper-container .swiper-slide figure,.elementor-widget-image-carousel .swiper .swiper-slide figure{line-height:inherit}.elementor-widget-image-carousel .swiper-slide{text-align:center}.elementor-image-carousel-wrapper:not(.swiper-container-initialized):not(.swiper-initialized) .swiper-slide{max-width:calc(100% \/ var(--e-image-carousel-slides-to-show, 3))}<\/style>\t\t<div class=\"elementor-image-carousel-wrapper swiper-container\" dir=\"ltr\">\n\t\t\t<div class=\"elementor-image-carousel swiper-wrapper\" aria-live=\"off\">\n\t\t\t\t\t\t\t\t<div class=\"swiper-slide\" role=\"group\" aria-roledescription=\"slide\" aria-label=\"1 of 6\"><figure class=\"swiper-slide-inner\"><img class=\"swiper-slide-image\" src=\"https:\/\/i0.wp.com\/winegarden.fi\/wp-content\/uploads\/2022\/03\/Wine-Garden-68.jpeg?fit=640%2C427&amp;ssl=1\" alt=\"Wine-Garden-68\" \/><\/figure><\/div><div class=\"swiper-slide\" role=\"group\" aria-roledescription=\"slide\" aria-label=\"2 of 6\"><figure class=\"swiper-slide-inner\"><img class=\"swiper-slide-image\" src=\"https:\/\/i0.wp.com\/winegarden.fi\/wp-content\/uploads\/2022\/03\/Wine-Garden-69.jpeg?fit=640%2C427&amp;ssl=1\" alt=\"Wine-Garden-69\" \/><\/figure><\/div><div class=\"swiper-slide\" role=\"group\" aria-roledescription=\"slide\" aria-label=\"3 of 6\"><figure class=\"swiper-slide-inner\"><img class=\"swiper-slide-image\" src=\"https:\/\/i0.wp.com\/winegarden.fi\/wp-content\/uploads\/2022\/03\/Wine-Garden-82.jpeg?fit=640%2C427&amp;ssl=1\" alt=\"Wine-Garden-82\" \/><\/figure><\/div><div class=\"swiper-slide\" role=\"group\" aria-roledescription=\"slide\" aria-label=\"4 of 6\"><figure class=\"swiper-slide-inner\"><img class=\"swiper-slide-image\" src=\"https:\/\/i0.wp.com\/winegarden.fi\/wp-content\/uploads\/2022\/03\/Wine-Garden-87.jpeg?fit=640%2C427&amp;ssl=1\" alt=\"Wine-Garden-87\" \/><\/figure><\/div><div class=\"swiper-slide\" role=\"group\" aria-roledescription=\"slide\" aria-label=\"5 of 6\"><figure class=\"swiper-slide-inner\"><img class=\"swiper-slide-image\" src=\"https:\/\/i0.wp.com\/winegarden.fi\/wp-content\/uploads\/2022\/03\/Wine-Garden-161.jpeg?fit=640%2C427&amp;ssl=1\" alt=\"Wine-Garden-161\" \/><\/figure><\/div><div class=\"swiper-slide\" role=\"group\" aria-roledescription=\"slide\" aria-label=\"6 of 6\"><figure class=\"swiper-slide-inner\"><img class=\"swiper-slide-image\" src=\"https:\/\/i0.wp.com\/winegarden.fi\/wp-content\/uploads\/2022\/03\/Wine-Weekend-51.jpeg?fit=641%2C427&amp;ssl=1\" alt=\"Wine-Weekend-51\" \/><\/figure><\/div>\t\t\t<\/div>\n\t\t\t\t\t\t\t\t\t\t\t\t<div class=\"elementor-swiper-button elementor-swiper-button-prev\" role=\"button\" tabindex=\"0\">\n\t\t\t\t\t\t<i aria-hidden=\"true\" class=\"eicon-chevron-left\"><\/i>\t\t\t\t\t<\/div>\n\t\t\t\t\t<div class=\"elementor-swiper-button elementor-swiper-button-next\" role=\"button\" tabindex=\"0\">\n\t\t\t\t\t\t<i aria-hidden=\"true\" class=\"eicon-chevron-right\"><\/i>\t\t\t\t\t<\/div>\n\t\t\t\t\n\t\t\t\t\t\t\t\t\t<div class=\"swiper-pagination\"><\/div>\n\t\t\t\t\t\t\t\t\t<\/div>\n\t\t\t\t<\/div>\n\t\t\t\t<\/div>\n\t\t\t\t\t<\/div>\n\t\t<\/div>\n\t\t\t\t\t\t\t<\/div>\n\t\t<\/section>\n\t\t\t\t\t\t\t<\/div>\n\t\t","protected":false},"excerpt":{"rendered":"<p>Wine Garden S\u00e4v\u00e4ytt\u00e4v\u00e4 viinitapahtuma, uudet trendikk\u00e4\u00e4t maut helposti saatavilla, leppoisa mutta mukaansatempaava tunnelma pimenev\u00e4ss\u00e4 illassa, musiikki joka ei j\u00e4t\u00e4 kylm\u00e4ksi\u2026 T\u00e4st\u00e4 kaikesta haaveilimme ja t\u00e4m\u00e4n halusimme teille toteuttaa! OlutSataman tuottajatiimi j\u00e4rjesti aivan uuden, upean puistofestivaalin nimelt\u00e4 Wine Garden ensimm\u00e4ist\u00e4 kertaa elokuussa 2019 Jyv\u00e4skyl\u00e4n Lounaispuistossa.\u00a0 Tunnelmallinen puistomilj\u00f6\u00f6, upea esiintymislava ja Jyv\u00e4skyl\u00e4n vahvat juuret jazzmusiikin parissa siivittiv\u00e4t [&hellip;]<\/p>\n","protected":false},"author":2,"featured_media":0,"parent":0,"menu_order":0,"comment_status":"closed","ping_status":"closed","template":"","meta":[],"_links":{"self":[{"href":"https:\/\/winegarden.fi\/en\/wp-json\/wp\/v2\/pages\/9631"}],"collection":[{"href":"https:\/\/winegarden.fi\/en\/wp-json\/wp\/v2\/pages"}],"about":[{"href":"https:\/\/winegarden.fi\/en\/wp-json\/wp\/v2\/types\/page"}],"author":[{"embeddable":true,"href":"https:\/\/winegarden.fi\/en\/wp-json\/wp\/v2\/users\/2"}],"replies":[{"embeddable":true,"href":"https:\/\/winegarden.fi\/en\/wp-json\/wp\/v2\/comments?post=9631"}],"version-history":[{"count":13,"href":"https:\/\/winegarden.fi\/en\/wp-json\/wp\/v2\/pages\/9631\/revisions"}],"predecessor-version":[{"id":9851,"href":"https:\/\/winegarden.fi\/en\/wp-json\/wp\/v2\/pages\/9631\/revisions\/9851"}],"wp:attachment":[{"href":"https:\/\/winegarden.fi\/en\/wp-json\/wp\/v2\/media?parent=9631"}],"curies":[{"name":"wp","href":"https:\/\/api.w.org\/{rel}","templated":true}]}}