{"id":9890,"date":"2022-03-29T13:45:09","date_gmt":"2022-03-29T10:45:09","guid":{"rendered":"https:\/\/winegarden.fi\/?page_id=9890"},"modified":"2022-04-21T11:03:52","modified_gmt":"2022-04-21T08:03:52","slug":"jyvaskyla-big-band-ja-paleface","status":"publish","type":"page","link":"https:\/\/winegarden.fi\/en\/esiintyjat\/jyvaskyla-big-band-ja-paleface\/","title":{"rendered":"Paleface ja Jyv\u00e4skyl\u00e4 Big Band"},"content":{"rendered":"\t\t<div data-elementor-type=\"wp-page\" data-elementor-id=\"9890\" class=\"elementor elementor-9890\">\n\t\t\t\t\t\t\t\t\t<section class=\"elementor-section elementor-top-section elementor-element elementor-element-616d13f elementor-section-full_width elementor-section-height-min-height elementor-section-height-default elementor-section-items-middle\" data-id=\"616d13f\" data-element_type=\"section\">\n\t\t\t\t\t\t<div class=\"elementor-container elementor-column-gap-default\">\n\t\t\t\t\t<div class=\"elementor-column elementor-col-50 elementor-top-column elementor-element elementor-element-69233bc\" data-id=\"69233bc\" data-element_type=\"column\">\n\t\t\t<div class=\"elementor-widget-wrap elementor-element-populated\">\n\t\t\t\t\t\t\t\t<div class=\"elementor-element elementor-element-011d590 elementor-arrows-position-inside elementor-pagination-position-outside elementor-widget elementor-widget-image-carousel\" data-id=\"011d590\" data-element_type=\"widget\" data-settings=\"{&quot;slides_to_show&quot;:&quot;1&quot;,&quot;navigation&quot;:&quot;both&quot;,&quot;autoplay&quot;:&quot;yes&quot;,&quot;pause_on_hover&quot;:&quot;yes&quot;,&quot;pause_on_interaction&quot;:&quot;yes&quot;,&quot;autoplay_speed&quot;:5000,&quot;infinite&quot;:&quot;yes&quot;,&quot;effect&quot;:&quot;slide&quot;,&quot;speed&quot;:500}\" data-widget_type=\"image-carousel.default\">\n\t\t\t\t<div class=\"elementor-widget-container\">\n\t\t\t<style>\/*! elementor - v3.15.0 - 20-08-2023 *\/\n.elementor-widget-image-carousel .swiper,.elementor-widget-image-carousel .swiper-container{position:static}.elementor-widget-image-carousel .swiper-container .swiper-slide figure,.elementor-widget-image-carousel .swiper .swiper-slide figure{line-height:inherit}.elementor-widget-image-carousel .swiper-slide{text-align:center}.elementor-image-carousel-wrapper:not(.swiper-container-initialized):not(.swiper-initialized) .swiper-slide{max-width:calc(100% \/ var(--e-image-carousel-slides-to-show, 3))}<\/style>\t\t<div class=\"elementor-image-carousel-wrapper swiper-container\" dir=\"ltr\">\n\t\t\t<div class=\"elementor-image-carousel swiper-wrapper\" aria-live=\"off\">\n\t\t\t\t\t\t\t\t<div class=\"swiper-slide\" role=\"group\" aria-roledescription=\"slide\" aria-label=\"1 of 2\"><figure class=\"swiper-slide-inner\"><img class=\"swiper-slide-image\" src=\"https:\/\/i0.wp.com\/winegarden.fi\/wp-content\/uploads\/2022\/03\/jbbXpale2.jpg?fit=768%2C768&amp;ssl=1\" alt=\"jbbXpale2\" \/><\/figure><\/div><div class=\"swiper-slide\" role=\"group\" aria-roledescription=\"slide\" aria-label=\"2 of 2\"><figure class=\"swiper-slide-inner\"><img class=\"swiper-slide-image\" src=\"https:\/\/i0.wp.com\/winegarden.fi\/wp-content\/uploads\/2022\/04\/jbb.jpg?fit=768%2C768&amp;ssl=1\" alt=\"jbb\" \/><\/figure><\/div>\t\t\t<\/div>\n\t\t\t\t\t\t\t\t\t\t\t\t<div class=\"elementor-swiper-button elementor-swiper-button-prev\" role=\"button\" tabindex=\"0\">\n\t\t\t\t\t\t<i aria-hidden=\"true\" class=\"eicon-chevron-left\"><\/i>\t\t\t\t\t<\/div>\n\t\t\t\t\t<div class=\"elementor-swiper-button elementor-swiper-button-next\" role=\"button\" tabindex=\"0\">\n\t\t\t\t\t\t<i aria-hidden=\"true\" class=\"eicon-chevron-right\"><\/i>\t\t\t\t\t<\/div>\n\t\t\t\t\n\t\t\t\t\t\t\t\t\t<div class=\"swiper-pagination\"><\/div>\n\t\t\t\t\t\t\t\t\t<\/div>\n\t\t\t\t<\/div>\n\t\t\t\t<\/div>\n\t\t\t\t\t<\/div>\n\t\t<\/div>\n\t\t\t\t<div class=\"elementor-column elementor-col-50 elementor-top-column elementor-element elementor-element-0787b41\" data-id=\"0787b41\" data-element_type=\"column\">\n\t\t\t<div class=\"elementor-widget-wrap elementor-element-populated\">\n\t\t\t\t\t\t\t\t<div class=\"elementor-element elementor-element-86a034c elementor-widget elementor-widget-heading\" data-id=\"86a034c\" data-element_type=\"widget\" data-widget_type=\"heading.default\">\n\t\t\t\t<div class=\"elementor-widget-container\">\n\t\t\t<style>\/*! elementor - v3.15.0 - 20-08-2023 *\/\n.elementor-heading-title{padding:0;margin:0;line-height:1}.elementor-widget-heading .elementor-heading-title[class*=elementor-size-]>a{color:inherit;font-size:inherit;line-height:inherit}.elementor-widget-heading .elementor-heading-title.elementor-size-small{font-size:15px}.elementor-widget-heading .elementor-heading-title.elementor-size-medium{font-size:19px}.elementor-widget-heading .elementor-heading-title.elementor-size-large{font-size:29px}.elementor-widget-heading .elementor-heading-title.elementor-size-xl{font-size:39px}.elementor-widget-heading .elementor-heading-title.elementor-size-xxl{font-size:59px}<\/style><h2 class=\"elementor-heading-title elementor-size-default\">Paleface &amp; Jyv\u00e4skyl\u00e4 Big Band <\/h2>\t\t<\/div>\n\t\t\t\t<\/div>\n\t\t\t\t<div class=\"elementor-element elementor-element-7630319 elementor-widget elementor-widget-text-editor\" data-id=\"7630319\" data-element_type=\"widget\" data-widget_type=\"text-editor.default\">\n\t\t\t\t<div class=\"elementor-widget-container\">\n\t\t\t<style>\/*! elementor - v3.15.0 - 20-08-2023 *\/\n.elementor-widget-text-editor.elementor-drop-cap-view-stacked .elementor-drop-cap{background-color:#69727d;color:#fff}.elementor-widget-text-editor.elementor-drop-cap-view-framed .elementor-drop-cap{color:#69727d;border:3px solid;background-color:transparent}.elementor-widget-text-editor:not(.elementor-drop-cap-view-default) .elementor-drop-cap{margin-top:8px}.elementor-widget-text-editor:not(.elementor-drop-cap-view-default) .elementor-drop-cap-letter{width:1em;height:1em}.elementor-widget-text-editor .elementor-drop-cap{float:left;text-align:center;line-height:1;font-size:50px}.elementor-widget-text-editor .elementor-drop-cap-letter{display:inline-block}<\/style>\t\t\t\t<p><span style=\"font-weight: 400;\">Wine Gardenissa kuullaan maailman ensiesitys!<\/span><\/p><p><span style=\"font-weight: 400;\">Jyv\u00e4skyl\u00e4 Big Band ja Paleface ovat sovittaneet tilausty\u00f6n\u00e4 ohjelmiston, joka koostuu p\u00e4\u00e4asiassa Palefacen Emma-palkintoja kahmineen Helsinki \u2013 Shangri-La -albumin kappaleista.\u00a0<\/span><\/p><p><span style=\"font-weight: 400;\">Luvassa on h\u00e4ik\u00e4isev\u00e4 spektaakkeli, joka kruunaa tunnelmallisen Wine Garden -viikonlopun!<\/span><\/p><p><span style=\"font-weight: 400;\">Paleface (Karri Miettinen) on yksi maamme arvostetuimmista ja kansainv\u00e4lisimmist\u00e4 rap-artisteista. Esikoisalbumi \u201dThe Pale Ontologist\u201d (2001) oli kotimaisen hip-hopin kent\u00e4ll\u00e4 kulmakivi ja se huomattiin my\u00f6s ulkomailla. Hittisinglet kuten \u201dBack to Square One\u201d sek\u00e4 \u201dThe Ultimate Jedi Mind Trick \u2013 Episode IV\u201d ovat varmasti j\u00e4\u00e4neet ihmisten mieliin, ja ne toivat Palefacelle kuuntelijoita my\u00f6s kaikkien genrerajojen ulkopuolelta. Vuonna 2003 julkaistu kakkosalbumi \u201dQuarter Past\u201d jatkoi samaa linjaa edelt\u00e4j\u00e4ns\u00e4 kanssa. Viimeist\u00e4\u00e4n silloin oli selv\u00e4\u00e4, ett\u00e4 Paleface oli raivannut paikkansa Suomen musiikkigenren eturiviin ja kiistattomasti kotimaisen hip-hopin kovimmaksi nimeksi, valtiaan paikalle.<\/span><span style=\"font-weight: 400;\"><br \/><\/span><span style=\"font-weight: 400;\"><br \/><\/span><span style=\"font-weight: 400;\">Jyv\u00e4skyl\u00e4 Big Band on yksi Suomen aktiivisimmista big bandeist\u00e4. Se on tehnyt yhteisty\u00f6t\u00e4 monien koti- ja ulkomaisten solistien ja s\u00e4velt\u00e4jien kanssa sek\u00e4 toteuttanut poikkitaiteellisia produktioita. Omien konserttiensa lis\u00e4ksi JBB on esiintynyt eri tapahtumissa, yritystilaisuuksissa sek\u00e4 useilla suomalaisilla festivaaleilla, kuten Jyv\u00e4skyl\u00e4n Kes\u00e4, Jyv\u00e4skyl\u00e4 Summer Jazz, Tanssin Aika, Lahden Jazztori, Oulun musiikkijuhlat ja Imatra Big Band Festival. Ilkka M\u00e4kitalo on toiminut orkesterin kapellimestarina ja taiteellisena johtajana vuodesta 1995 alkaen.<\/span><\/p>\t\t\t\t\t\t<\/div>\n\t\t\t\t<\/div>\n\t\t\t\t\t<\/div>\n\t\t<\/div>\n\t\t\t\t\t\t\t<\/div>\n\t\t<\/section>\n\t\t\t\t<section class=\"elementor-section elementor-top-section elementor-element elementor-element-41ef0ed elementor-section-boxed elementor-section-height-default elementor-section-height-default\" data-id=\"41ef0ed\" data-element_type=\"section\">\n\t\t\t\t\t\t<div class=\"elementor-container elementor-column-gap-default\">\n\t\t\t\t\t<div class=\"elementor-column elementor-col-100 elementor-top-column elementor-element elementor-element-471b508\" data-id=\"471b508\" data-element_type=\"column\">\n\t\t\t<div class=\"elementor-widget-wrap elementor-element-populated\">\n\t\t\t\t\t\t\t\t<div class=\"elementor-element elementor-element-a03068e elementor-align-center elementor-widget elementor-widget-button\" data-id=\"a03068e\" data-element_type=\"widget\" data-widget_type=\"button.default\">\n\t\t\t\t<div class=\"elementor-widget-container\">\n\t\t\t\t\t<div class=\"elementor-button-wrapper\">\n\t\t\t<a class=\"elementor-button elementor-button-link elementor-size-md\" href=\"https:\/\/winegarden.fi\/esiintyjat\/\">\n\t\t\t\t\t\t<span class=\"elementor-button-content-wrapper\">\n\t\t\t\t\t\t<span class=\"elementor-button-text\">Takaisin esiintyjiin >><\/span>\n\t\t<\/span>\n\t\t\t\t\t<\/a>\n\t\t<\/div>\n\t\t\t\t<\/div>\n\t\t\t\t<\/div>\n\t\t\t\t\t<\/div>\n\t\t<\/div>\n\t\t\t\t\t\t\t<\/div>\n\t\t<\/section>\n\t\t\t\t\t\t\t<\/div>\n\t\t","protected":false},"excerpt":{"rendered":"<p>Edellinen Seuraava Paleface &amp; Jyv\u00e4skyl\u00e4 Big Band Wine Gardenissa kuullaan maailman ensiesitys! Jyv\u00e4skyl\u00e4 Big Band ja Paleface ovat sovittaneet tilausty\u00f6n\u00e4 ohjelmiston, joka koostuu p\u00e4\u00e4asiassa Palefacen Emma-palkintoja kahmineen Helsinki \u2013 Shangri-La -albumin kappaleista.\u00a0 Luvassa on h\u00e4ik\u00e4isev\u00e4 spektaakkeli, joka kruunaa tunnelmallisen Wine Garden -viikonlopun! Paleface (Karri Miettinen) on yksi maamme arvostetuimmista ja kansainv\u00e4lisimmist\u00e4 rap-artisteista. Esikoisalbumi \u201dThe Pale [&hellip;]<\/p>\n","protected":false},"author":2,"featured_media":0,"parent":9640,"menu_order":0,"comment_status":"closed","ping_status":"closed","template":"elementor_header_footer","meta":[],"_links":{"self":[{"href":"https:\/\/winegarden.fi\/en\/wp-json\/wp\/v2\/pages\/9890"}],"collection":[{"href":"https:\/\/winegarden.fi\/en\/wp-json\/wp\/v2\/pages"}],"about":[{"href":"https:\/\/winegarden.fi\/en\/wp-json\/wp\/v2\/types\/page"}],"author":[{"embeddable":true,"href":"https:\/\/winegarden.fi\/en\/wp-json\/wp\/v2\/users\/2"}],"replies":[{"embeddable":true,"href":"https:\/\/winegarden.fi\/en\/wp-json\/wp\/v2\/comments?post=9890"}],"version-history":[{"count":35,"href":"https:\/\/winegarden.fi\/en\/wp-json\/wp\/v2\/pages\/9890\/revisions"}],"predecessor-version":[{"id":10103,"href":"https:\/\/winegarden.fi\/en\/wp-json\/wp\/v2\/pages\/9890\/revisions\/10103"}],"up":[{"embeddable":true,"href":"https:\/\/winegarden.fi\/en\/wp-json\/wp\/v2\/pages\/9640"}],"wp:attachment":[{"href":"https:\/\/winegarden.fi\/en\/wp-json\/wp\/v2\/media?parent=9890"}],"curies":[{"name":"wp","href":"https:\/\/api.w.org\/{rel}","templated":true}]}}