{"id":9965,"date":"2022-03-31T15:09:40","date_gmt":"2022-03-31T12:09:40","guid":{"rendered":"https:\/\/winegarden.fi\/?page_id=9965"},"modified":"2022-04-21T11:02:55","modified_gmt":"2022-04-21T08:02:55","slug":"aili-ikonen","status":"publish","type":"page","link":"https:\/\/winegarden.fi\/en\/esiintyjat\/aili-ikonen\/","title":{"rendered":"Aili Ikonen"},"content":{"rendered":"\t\t<div data-elementor-type=\"wp-page\" data-elementor-id=\"9965\" class=\"elementor elementor-9965\">\n\t\t\t\t\t\t\t\t\t<section class=\"elementor-section elementor-top-section elementor-element elementor-element-1a6c7011 elementor-section-full_width elementor-section-height-min-height elementor-section-height-default elementor-section-items-middle\" data-id=\"1a6c7011\" data-element_type=\"section\">\n\t\t\t\t\t\t<div class=\"elementor-container elementor-column-gap-default\">\n\t\t\t\t\t<div class=\"elementor-column elementor-col-50 elementor-top-column elementor-element elementor-element-4e71f678\" data-id=\"4e71f678\" data-element_type=\"column\">\n\t\t\t<div class=\"elementor-widget-wrap elementor-element-populated\">\n\t\t\t\t\t\t\t\t<div class=\"elementor-element elementor-element-5f76233 elementor-widget elementor-widget-image\" data-id=\"5f76233\" data-element_type=\"widget\" data-widget_type=\"image.default\">\n\t\t\t\t<div class=\"elementor-widget-container\">\n\t\t\t<style>\/*! elementor - v3.15.0 - 20-08-2023 *\/\n.elementor-widget-image{text-align:center}.elementor-widget-image a{display:inline-block}.elementor-widget-image a img[src$=\".svg\"]{width:48px}.elementor-widget-image img{vertical-align:middle;display:inline-block}<\/style>\t\t\t\t\t\t\t\t\t\t\t\t<img width=\"800\" height=\"800\" src=\"https:\/\/i0.wp.com\/winegarden.fi\/wp-content\/uploads\/2022\/03\/ailiikonen2.jpg?fit=800%2C800&amp;ssl=1\" class=\"attachment-large size-large wp-image-9928\" alt=\"\" loading=\"lazy\" srcset=\"https:\/\/i0.wp.com\/winegarden.fi\/wp-content\/uploads\/2022\/03\/ailiikonen2.jpg?w=800&amp;ssl=1 800w, https:\/\/i0.wp.com\/winegarden.fi\/wp-content\/uploads\/2022\/03\/ailiikonen2.jpg?resize=300%2C300&amp;ssl=1 300w, https:\/\/i0.wp.com\/winegarden.fi\/wp-content\/uploads\/2022\/03\/ailiikonen2.jpg?resize=150%2C150&amp;ssl=1 150w, https:\/\/i0.wp.com\/winegarden.fi\/wp-content\/uploads\/2022\/03\/ailiikonen2.jpg?resize=768%2C768&amp;ssl=1 768w, https:\/\/i0.wp.com\/winegarden.fi\/wp-content\/uploads\/2022\/03\/ailiikonen2.jpg?resize=12%2C12&amp;ssl=1 12w\" sizes=\"(max-width: 800px) 100vw, 800px\" \/>\t\t\t\t\t\t\t\t\t\t\t\t\t\t\t<\/div>\n\t\t\t\t<\/div>\n\t\t\t\t\t<\/div>\n\t\t<\/div>\n\t\t\t\t<div class=\"elementor-column elementor-col-50 elementor-top-column elementor-element elementor-element-40bbf678\" data-id=\"40bbf678\" data-element_type=\"column\">\n\t\t\t<div class=\"elementor-widget-wrap elementor-element-populated\">\n\t\t\t\t\t\t\t\t<div class=\"elementor-element elementor-element-54f0471b elementor-widget elementor-widget-heading\" data-id=\"54f0471b\" data-element_type=\"widget\" data-widget_type=\"heading.default\">\n\t\t\t\t<div class=\"elementor-widget-container\">\n\t\t\t<style>\/*! elementor - v3.15.0 - 20-08-2023 *\/\n.elementor-heading-title{padding:0;margin:0;line-height:1}.elementor-widget-heading .elementor-heading-title[class*=elementor-size-]>a{color:inherit;font-size:inherit;line-height:inherit}.elementor-widget-heading .elementor-heading-title.elementor-size-small{font-size:15px}.elementor-widget-heading .elementor-heading-title.elementor-size-medium{font-size:19px}.elementor-widget-heading .elementor-heading-title.elementor-size-large{font-size:29px}.elementor-widget-heading .elementor-heading-title.elementor-size-xl{font-size:39px}.elementor-widget-heading .elementor-heading-title.elementor-size-xxl{font-size:59px}<\/style><h2 class=\"elementor-heading-title elementor-size-default\">Aili Ikonen<\/h2>\t\t<\/div>\n\t\t\t\t<\/div>\n\t\t\t\t<div class=\"elementor-element elementor-element-4c7271c elementor-widget elementor-widget-text-editor\" data-id=\"4c7271c\" data-element_type=\"widget\" data-widget_type=\"text-editor.default\">\n\t\t\t\t<div class=\"elementor-widget-container\">\n\t\t\t<style>\/*! elementor - v3.15.0 - 20-08-2023 *\/\n.elementor-widget-text-editor.elementor-drop-cap-view-stacked .elementor-drop-cap{background-color:#69727d;color:#fff}.elementor-widget-text-editor.elementor-drop-cap-view-framed .elementor-drop-cap{color:#69727d;border:3px solid;background-color:transparent}.elementor-widget-text-editor:not(.elementor-drop-cap-view-default) .elementor-drop-cap{margin-top:8px}.elementor-widget-text-editor:not(.elementor-drop-cap-view-default) .elementor-drop-cap-letter{width:1em;height:1em}.elementor-widget-text-editor .elementor-drop-cap{float:left;text-align:center;line-height:1;font-size:50px}.elementor-widget-text-editor .elementor-drop-cap-letter{display:inline-block}<\/style>\t\t\t\t<p><span style=\"font-weight: 400;\">Wine Gardenin avajaiskonsertissa kuullaan monipuolinen kattaus Suomen ykk\u00f6sjazzlaulajaksi tituleeratun Aili Ikosen omia s\u00e4velmi\u00e4 sek\u00e4 muutama tarkoin valikoitu lainas\u00e4velm\u00e4!<\/span><\/p><p><span style=\"font-weight: 400;\">Aili Ikosen poikkeuksellisen laaja ura on t\u00e4h\u00e4n asti sis\u00e4lt\u00e4nyt kolme sooloalbumia, upeita big band -produktioita, Ella Fitzgerald -tulkintoja ja televisioesiintymisi\u00e4. Herkk\u00e4n\u00e4, mutta samalla vahvana tulkitsijana tunnettua Ikosta on kuultu laaja-alaisesti niin aikamme huippuartistien kanssa, kuin solistina eri kokoonpanoissa kuten Radion sinfoniaorkesteri, Tampere Filharmonia ja Umo Helsinki Jazz Orchestra. Ikonen tunnetaan nykyisin my\u00f6s a cappella -yhtye Rajattoman j\u00e4senen\u00e4.\u00a0<\/span><\/p><p><span style=\"font-weight: 400;\">Ikonen tuo Jyv\u00e4skyl\u00e4\u00e4n mukanaan luottokvintettins\u00e4, jonka kanssa h\u00e4n on tehnyt yhteisty\u00f6t\u00e4 jo 10 vuoden ja nelj\u00e4n albumin verran.<\/span><\/p><p><span style=\"font-weight: 400;\">Aili Ikonen &#8211; laulu<\/span><\/p><p><span style=\"font-weight: 400;\">Janne Toivonen &#8211; trumpetti<\/span><\/p><p><span style=\"font-weight: 400;\">William Suvanne &#8211; saksofonit<\/span><\/p><p><span style=\"font-weight: 400;\">Tuomas J. Turunen &#8211; piano<\/span><\/p><p><span style=\"font-weight: 400;\">Mikko Pellinen &#8211; basso<\/span><\/p><p><span style=\"font-weight: 400;\">Mikko Arlin\u00a0 &#8211; rummut<\/span><\/p>\t\t\t\t\t\t<\/div>\n\t\t\t\t<\/div>\n\t\t\t\t\t<\/div>\n\t\t<\/div>\n\t\t\t\t\t\t\t<\/div>\n\t\t<\/section>\n\t\t\t\t<section class=\"elementor-section elementor-top-section elementor-element elementor-element-7033958c elementor-section-boxed elementor-section-height-default elementor-section-height-default\" data-id=\"7033958c\" data-element_type=\"section\">\n\t\t\t\t\t\t<div class=\"elementor-container elementor-column-gap-default\">\n\t\t\t\t\t<div class=\"elementor-column elementor-col-100 elementor-top-column elementor-element elementor-element-3829c32c\" data-id=\"3829c32c\" data-element_type=\"column\">\n\t\t\t<div class=\"elementor-widget-wrap elementor-element-populated\">\n\t\t\t\t\t\t\t\t<div class=\"elementor-element elementor-element-3ccf06e4 elementor-align-center elementor-widget elementor-widget-button\" data-id=\"3ccf06e4\" data-element_type=\"widget\" data-widget_type=\"button.default\">\n\t\t\t\t<div class=\"elementor-widget-container\">\n\t\t\t\t\t<div class=\"elementor-button-wrapper\">\n\t\t\t<a class=\"elementor-button elementor-button-link elementor-size-md\" href=\"https:\/\/winegarden.fi\/esiintyjat\/\">\n\t\t\t\t\t\t<span class=\"elementor-button-content-wrapper\">\n\t\t\t\t\t\t<span class=\"elementor-button-text\">Takaisin esiintyjiin >><\/span>\n\t\t<\/span>\n\t\t\t\t\t<\/a>\n\t\t<\/div>\n\t\t\t\t<\/div>\n\t\t\t\t<\/div>\n\t\t\t\t\t<\/div>\n\t\t<\/div>\n\t\t\t\t\t\t\t<\/div>\n\t\t<\/section>\n\t\t\t\t\t\t\t<\/div>\n\t\t","protected":false},"excerpt":{"rendered":"<p>Aili Ikonen Wine Gardenin avajaiskonsertissa kuullaan monipuolinen kattaus Suomen ykk\u00f6sjazzlaulajaksi tituleeratun Aili Ikosen omia s\u00e4velmi\u00e4 sek\u00e4 muutama tarkoin valikoitu lainas\u00e4velm\u00e4! Aili Ikosen poikkeuksellisen laaja ura on t\u00e4h\u00e4n asti sis\u00e4lt\u00e4nyt kolme sooloalbumia, upeita big band -produktioita, Ella Fitzgerald -tulkintoja ja televisioesiintymisi\u00e4. Herkk\u00e4n\u00e4, mutta samalla vahvana tulkitsijana tunnettua Ikosta on kuultu laaja-alaisesti niin aikamme huippuartistien kanssa, kuin [&hellip;]<\/p>\n","protected":false},"author":2,"featured_media":0,"parent":9640,"menu_order":0,"comment_status":"closed","ping_status":"closed","template":"elementor_header_footer","meta":[],"_links":{"self":[{"href":"https:\/\/winegarden.fi\/en\/wp-json\/wp\/v2\/pages\/9965"}],"collection":[{"href":"https:\/\/winegarden.fi\/en\/wp-json\/wp\/v2\/pages"}],"about":[{"href":"https:\/\/winegarden.fi\/en\/wp-json\/wp\/v2\/types\/page"}],"author":[{"embeddable":true,"href":"https:\/\/winegarden.fi\/en\/wp-json\/wp\/v2\/users\/2"}],"replies":[{"embeddable":true,"href":"https:\/\/winegarden.fi\/en\/wp-json\/wp\/v2\/comments?post=9965"}],"version-history":[{"count":7,"href":"https:\/\/winegarden.fi\/en\/wp-json\/wp\/v2\/pages\/9965\/revisions"}],"predecessor-version":[{"id":10088,"href":"https:\/\/winegarden.fi\/en\/wp-json\/wp\/v2\/pages\/9965\/revisions\/10088"}],"up":[{"embeddable":true,"href":"https:\/\/winegarden.fi\/en\/wp-json\/wp\/v2\/pages\/9640"}],"wp:attachment":[{"href":"https:\/\/winegarden.fi\/en\/wp-json\/wp\/v2\/media?parent=9965"}],"curies":[{"name":"wp","href":"https:\/\/api.w.org\/{rel}","templated":true}]}}