{"id":9971,"date":"2022-03-31T15:14:10","date_gmt":"2022-03-31T12:14:10","guid":{"rendered":"https:\/\/winegarden.fi\/?page_id=9971"},"modified":"2022-04-29T12:01:23","modified_gmt":"2022-04-29T09:01:23","slug":"nina-mya","status":"publish","type":"page","link":"https:\/\/winegarden.fi\/en\/esiintyjat\/nina-mya\/","title":{"rendered":"Nina Mya"},"content":{"rendered":"\t\t<div data-elementor-type=\"wp-page\" data-elementor-id=\"9971\" class=\"elementor elementor-9971\">\n\t\t\t\t\t\t\t\t\t<section class=\"elementor-section elementor-top-section elementor-element elementor-element-4fb92ef6 elementor-section-full_width elementor-section-height-min-height elementor-section-height-default elementor-section-items-middle\" data-id=\"4fb92ef6\" data-element_type=\"section\">\n\t\t\t\t\t\t<div class=\"elementor-container elementor-column-gap-default\">\n\t\t\t\t\t<div class=\"elementor-column elementor-col-50 elementor-top-column elementor-element elementor-element-74880d5f\" data-id=\"74880d5f\" data-element_type=\"column\">\n\t\t\t<div class=\"elementor-widget-wrap elementor-element-populated\">\n\t\t\t\t\t\t\t\t<div class=\"elementor-element elementor-element-3886bae5 elementor-widget elementor-widget-image\" data-id=\"3886bae5\" data-element_type=\"widget\" data-widget_type=\"image.default\">\n\t\t\t\t<div class=\"elementor-widget-container\">\n\t\t\t<style>\/*! elementor - v3.15.0 - 20-08-2023 *\/\n.elementor-widget-image{text-align:center}.elementor-widget-image a{display:inline-block}.elementor-widget-image a img[src$=\".svg\"]{width:48px}.elementor-widget-image img{vertical-align:middle;display:inline-block}<\/style>\t\t\t\t\t\t\t\t\t\t\t\t<img width=\"800\" height=\"800\" src=\"https:\/\/i0.wp.com\/winegarden.fi\/wp-content\/uploads\/2022\/03\/ninamya2.jpg?fit=800%2C800&amp;ssl=1\" class=\"attachment-large size-large wp-image-9974\" alt=\"\" loading=\"lazy\" srcset=\"https:\/\/i0.wp.com\/winegarden.fi\/wp-content\/uploads\/2022\/03\/ninamya2.jpg?w=800&amp;ssl=1 800w, https:\/\/i0.wp.com\/winegarden.fi\/wp-content\/uploads\/2022\/03\/ninamya2.jpg?resize=300%2C300&amp;ssl=1 300w, https:\/\/i0.wp.com\/winegarden.fi\/wp-content\/uploads\/2022\/03\/ninamya2.jpg?resize=150%2C150&amp;ssl=1 150w, https:\/\/i0.wp.com\/winegarden.fi\/wp-content\/uploads\/2022\/03\/ninamya2.jpg?resize=768%2C768&amp;ssl=1 768w, https:\/\/i0.wp.com\/winegarden.fi\/wp-content\/uploads\/2022\/03\/ninamya2.jpg?resize=12%2C12&amp;ssl=1 12w\" sizes=\"(max-width: 800px) 100vw, 800px\" \/>\t\t\t\t\t\t\t\t\t\t\t\t\t\t\t<\/div>\n\t\t\t\t<\/div>\n\t\t\t\t\t<\/div>\n\t\t<\/div>\n\t\t\t\t<div class=\"elementor-column elementor-col-50 elementor-top-column elementor-element elementor-element-143d89d\" data-id=\"143d89d\" data-element_type=\"column\">\n\t\t\t<div class=\"elementor-widget-wrap elementor-element-populated\">\n\t\t\t\t\t\t\t\t<div class=\"elementor-element elementor-element-50726c2e elementor-widget elementor-widget-heading\" data-id=\"50726c2e\" data-element_type=\"widget\" data-widget_type=\"heading.default\">\n\t\t\t\t<div class=\"elementor-widget-container\">\n\t\t\t<style>\/*! elementor - v3.15.0 - 20-08-2023 *\/\n.elementor-heading-title{padding:0;margin:0;line-height:1}.elementor-widget-heading .elementor-heading-title[class*=elementor-size-]>a{color:inherit;font-size:inherit;line-height:inherit}.elementor-widget-heading .elementor-heading-title.elementor-size-small{font-size:15px}.elementor-widget-heading .elementor-heading-title.elementor-size-medium{font-size:19px}.elementor-widget-heading .elementor-heading-title.elementor-size-large{font-size:29px}.elementor-widget-heading .elementor-heading-title.elementor-size-xl{font-size:39px}.elementor-widget-heading .elementor-heading-title.elementor-size-xxl{font-size:59px}<\/style><h2 class=\"elementor-heading-title elementor-size-default\">Nina Mya<\/h2>\t\t<\/div>\n\t\t\t\t<\/div>\n\t\t\t\t<div class=\"elementor-element elementor-element-79a14468 elementor-widget elementor-widget-text-editor\" data-id=\"79a14468\" data-element_type=\"widget\" data-widget_type=\"text-editor.default\">\n\t\t\t\t<div class=\"elementor-widget-container\">\n\t\t\t<style>\/*! elementor - v3.15.0 - 20-08-2023 *\/\n.elementor-widget-text-editor.elementor-drop-cap-view-stacked .elementor-drop-cap{background-color:#69727d;color:#fff}.elementor-widget-text-editor.elementor-drop-cap-view-framed .elementor-drop-cap{color:#69727d;border:3px solid;background-color:transparent}.elementor-widget-text-editor:not(.elementor-drop-cap-view-default) .elementor-drop-cap{margin-top:8px}.elementor-widget-text-editor:not(.elementor-drop-cap-view-default) .elementor-drop-cap-letter{width:1em;height:1em}.elementor-widget-text-editor .elementor-drop-cap{float:left;text-align:center;line-height:1;font-size:50px}.elementor-widget-text-editor .elementor-drop-cap-letter{display:inline-block}<\/style>\t\t\t\t<p><span style=\"font-weight: 400;\">Nina Mya on palkittu suomalainen jazzlaulaja ja s\u00e4velt\u00e4j\u00e4. H\u00e4n on julkaissut nelj\u00e4 albumia: Flying Solo (Fredriksson Music 2012), Our Time (Texicalli Records 2014) ja Closure (Fredriksson Music 2016), joista viimeisin ker\u00e4si ylistyksi\u00e4 my\u00f6s kansainv\u00e4lisesti Saksan julkaisun my\u00f6t\u00e4.\u00a0<\/span><\/p><p><span style=\"font-weight: 400;\">Myaa on ylistetty teknisesti taidokkaasta vivahteikkaasta \u00e4\u00e4nest\u00e4\u00e4n, vahvasta tulkinnastaan, energisest\u00e4 lavakarismasta sek\u00e4 afroamerikkalaisen perinteen kunnioittamisesta &#8211; jazzin, soulin ja gospelin yhdistyess\u00e4 luontevasti.\u00a0<\/span><\/p><p><span style=\"font-weight: 400;\">Oman yhtyeens\u00e4 ohella Mya on uransa varrella esiintynyt useiden kotimaisten ja ulkomaisten nimekk\u00e4iden artistien ja yhtyeiden kanssa, esimerkiksi Jukkis Uotilan, Iiro Rantalan, Frank McCombin ja UMO Helsinki Jazz Orchestran kanssa.\u00a0<\/span><\/p><p><span style=\"font-weight: 400;\">Uusin albumi, Just Another Lonely Soul, julkaistiin hein\u00e4kuussa 2021 ja Wine Gardenissa p\u00e4\u00e4st\u00e4\u00e4nkin kuulemaan p\u00e4\u00e4asiallisesti uusimman julkaisun ohjelmistoa.\u00a0<\/span><\/p><p><span style=\"font-weight: 400;\">Levy on aiempaan poiketen selvemmin soulia, jossa kuitenkin kuuluvat edelleen jazzvaikutteet niin harmonioissa, kuin loistavien muusikoiden soitossakin. S\u00e4vellykset ja tekstit ovat Myan omaa k\u00e4sialaa, ja kappaleiden vaikutteissa soi vahvasti 1960- ja 1970-lukujen soul jazz ja soul. <\/span><\/p>\t\t\t\t\t\t<\/div>\n\t\t\t\t<\/div>\n\t\t\t\t\t<\/div>\n\t\t<\/div>\n\t\t\t\t\t\t\t<\/div>\n\t\t<\/section>\n\t\t\t\t<section class=\"elementor-section elementor-top-section elementor-element elementor-element-6b5c2db8 elementor-section-boxed elementor-section-height-default elementor-section-height-default\" data-id=\"6b5c2db8\" data-element_type=\"section\">\n\t\t\t\t\t\t<div class=\"elementor-container elementor-column-gap-default\">\n\t\t\t\t\t<div class=\"elementor-column elementor-col-100 elementor-top-column elementor-element elementor-element-73c6ad2d\" data-id=\"73c6ad2d\" data-element_type=\"column\">\n\t\t\t<div class=\"elementor-widget-wrap elementor-element-populated\">\n\t\t\t\t\t\t\t\t<div class=\"elementor-element elementor-element-4fd46b58 elementor-align-center elementor-widget elementor-widget-button\" data-id=\"4fd46b58\" data-element_type=\"widget\" data-widget_type=\"button.default\">\n\t\t\t\t<div class=\"elementor-widget-container\">\n\t\t\t\t\t<div class=\"elementor-button-wrapper\">\n\t\t\t<a class=\"elementor-button elementor-button-link elementor-size-md\" href=\"https:\/\/winegarden.fi\/esiintyjat\/\">\n\t\t\t\t\t\t<span class=\"elementor-button-content-wrapper\">\n\t\t\t\t\t\t<span class=\"elementor-button-text\">Takaisin esiintyjiin >><\/span>\n\t\t<\/span>\n\t\t\t\t\t<\/a>\n\t\t<\/div>\n\t\t\t\t<\/div>\n\t\t\t\t<\/div>\n\t\t\t\t\t<\/div>\n\t\t<\/div>\n\t\t\t\t\t\t\t<\/div>\n\t\t<\/section>\n\t\t\t\t\t\t\t<\/div>\n\t\t","protected":false},"excerpt":{"rendered":"<p>Nina Mya Nina Mya on palkittu suomalainen jazzlaulaja ja s\u00e4velt\u00e4j\u00e4. H\u00e4n on julkaissut nelj\u00e4 albumia: Flying Solo (Fredriksson Music 2012), Our Time (Texicalli Records 2014) ja Closure (Fredriksson Music 2016), joista viimeisin ker\u00e4si ylistyksi\u00e4 my\u00f6s kansainv\u00e4lisesti Saksan julkaisun my\u00f6t\u00e4.\u00a0 Myaa on ylistetty teknisesti taidokkaasta vivahteikkaasta \u00e4\u00e4nest\u00e4\u00e4n, vahvasta tulkinnastaan, energisest\u00e4 lavakarismasta sek\u00e4 afroamerikkalaisen perinteen kunnioittamisesta &#8211; [&hellip;]<\/p>\n","protected":false},"author":2,"featured_media":0,"parent":9640,"menu_order":0,"comment_status":"closed","ping_status":"closed","template":"elementor_header_footer","meta":[],"_links":{"self":[{"href":"https:\/\/winegarden.fi\/en\/wp-json\/wp\/v2\/pages\/9971"}],"collection":[{"href":"https:\/\/winegarden.fi\/en\/wp-json\/wp\/v2\/pages"}],"about":[{"href":"https:\/\/winegarden.fi\/en\/wp-json\/wp\/v2\/types\/page"}],"author":[{"embeddable":true,"href":"https:\/\/winegarden.fi\/en\/wp-json\/wp\/v2\/users\/2"}],"replies":[{"embeddable":true,"href":"https:\/\/winegarden.fi\/en\/wp-json\/wp\/v2\/comments?post=9971"}],"version-history":[{"count":7,"href":"https:\/\/winegarden.fi\/en\/wp-json\/wp\/v2\/pages\/9971\/revisions"}],"predecessor-version":[{"id":10100,"href":"https:\/\/winegarden.fi\/en\/wp-json\/wp\/v2\/pages\/9971\/revisions\/10100"}],"up":[{"embeddable":true,"href":"https:\/\/winegarden.fi\/en\/wp-json\/wp\/v2\/pages\/9640"}],"wp:attachment":[{"href":"https:\/\/winegarden.fi\/en\/wp-json\/wp\/v2\/media?parent=9971"}],"curies":[{"name":"wp","href":"https:\/\/api.w.org\/{rel}","templated":true}]}}