{"id":9978,"date":"2022-03-31T15:19:25","date_gmt":"2022-03-31T12:19:25","guid":{"rendered":"https:\/\/winegarden.fi\/?page_id=9978"},"modified":"2022-04-29T12:01:35","modified_gmt":"2022-04-29T09:01:35","slug":"tuomo-2","status":"publish","type":"page","link":"https:\/\/winegarden.fi\/en\/esiintyjat\/tuomo-2\/","title":{"rendered":"Tuomo"},"content":{"rendered":"\t\t<div data-elementor-type=\"wp-page\" data-elementor-id=\"9978\" class=\"elementor elementor-9978\">\n\t\t\t\t\t\t\t\t\t<section class=\"elementor-section elementor-top-section elementor-element elementor-element-4782e654 elementor-section-full_width elementor-section-height-min-height elementor-section-height-default elementor-section-items-middle\" data-id=\"4782e654\" data-element_type=\"section\">\n\t\t\t\t\t\t<div class=\"elementor-container elementor-column-gap-default\">\n\t\t\t\t\t<div class=\"elementor-column elementor-col-50 elementor-top-column elementor-element elementor-element-27c42ffc\" data-id=\"27c42ffc\" data-element_type=\"column\">\n\t\t\t<div class=\"elementor-widget-wrap elementor-element-populated\">\n\t\t\t\t\t\t\t\t<div class=\"elementor-element elementor-element-7c5dd783 elementor-widget elementor-widget-image\" data-id=\"7c5dd783\" data-element_type=\"widget\" data-widget_type=\"image.default\">\n\t\t\t\t<div class=\"elementor-widget-container\">\n\t\t\t<style>\/*! elementor - v3.15.0 - 20-08-2023 *\/\n.elementor-widget-image{text-align:center}.elementor-widget-image a{display:inline-block}.elementor-widget-image a img[src$=\".svg\"]{width:48px}.elementor-widget-image img{vertical-align:middle;display:inline-block}<\/style>\t\t\t\t\t\t\t\t\t\t\t\t<img width=\"800\" height=\"800\" src=\"https:\/\/i0.wp.com\/winegarden.fi\/wp-content\/uploads\/2022\/03\/tuomo2.jpg?fit=800%2C800&amp;ssl=1\" class=\"attachment-large size-large wp-image-9930\" alt=\"\" loading=\"lazy\" srcset=\"https:\/\/i0.wp.com\/winegarden.fi\/wp-content\/uploads\/2022\/03\/tuomo2.jpg?w=800&amp;ssl=1 800w, https:\/\/i0.wp.com\/winegarden.fi\/wp-content\/uploads\/2022\/03\/tuomo2.jpg?resize=300%2C300&amp;ssl=1 300w, https:\/\/i0.wp.com\/winegarden.fi\/wp-content\/uploads\/2022\/03\/tuomo2.jpg?resize=150%2C150&amp;ssl=1 150w, https:\/\/i0.wp.com\/winegarden.fi\/wp-content\/uploads\/2022\/03\/tuomo2.jpg?resize=768%2C768&amp;ssl=1 768w, https:\/\/i0.wp.com\/winegarden.fi\/wp-content\/uploads\/2022\/03\/tuomo2.jpg?resize=12%2C12&amp;ssl=1 12w\" sizes=\"(max-width: 800px) 100vw, 800px\" \/>\t\t\t\t\t\t\t\t\t\t\t\t\t\t\t<\/div>\n\t\t\t\t<\/div>\n\t\t\t\t\t<\/div>\n\t\t<\/div>\n\t\t\t\t<div class=\"elementor-column elementor-col-50 elementor-top-column elementor-element elementor-element-85cdfe3\" data-id=\"85cdfe3\" data-element_type=\"column\">\n\t\t\t<div class=\"elementor-widget-wrap elementor-element-populated\">\n\t\t\t\t\t\t\t\t<div class=\"elementor-element elementor-element-2eaa03a1 elementor-widget elementor-widget-heading\" data-id=\"2eaa03a1\" data-element_type=\"widget\" data-widget_type=\"heading.default\">\n\t\t\t\t<div class=\"elementor-widget-container\">\n\t\t\t<style>\/*! elementor - v3.15.0 - 20-08-2023 *\/\n.elementor-heading-title{padding:0;margin:0;line-height:1}.elementor-widget-heading .elementor-heading-title[class*=elementor-size-]>a{color:inherit;font-size:inherit;line-height:inherit}.elementor-widget-heading .elementor-heading-title.elementor-size-small{font-size:15px}.elementor-widget-heading .elementor-heading-title.elementor-size-medium{font-size:19px}.elementor-widget-heading .elementor-heading-title.elementor-size-large{font-size:29px}.elementor-widget-heading .elementor-heading-title.elementor-size-xl{font-size:39px}.elementor-widget-heading .elementor-heading-title.elementor-size-xxl{font-size:59px}<\/style><h2 class=\"elementor-heading-title elementor-size-default\">Tuomo<\/h2>\t\t<\/div>\n\t\t\t\t<\/div>\n\t\t\t\t<div class=\"elementor-element elementor-element-65e42fd3 elementor-widget elementor-widget-text-editor\" data-id=\"65e42fd3\" data-element_type=\"widget\" data-widget_type=\"text-editor.default\">\n\t\t\t\t<div class=\"elementor-widget-container\">\n\t\t\t<style>\/*! elementor - v3.15.0 - 20-08-2023 *\/\n.elementor-widget-text-editor.elementor-drop-cap-view-stacked .elementor-drop-cap{background-color:#69727d;color:#fff}.elementor-widget-text-editor.elementor-drop-cap-view-framed .elementor-drop-cap{color:#69727d;border:3px solid;background-color:transparent}.elementor-widget-text-editor:not(.elementor-drop-cap-view-default) .elementor-drop-cap{margin-top:8px}.elementor-widget-text-editor:not(.elementor-drop-cap-view-default) .elementor-drop-cap-letter{width:1em;height:1em}.elementor-widget-text-editor .elementor-drop-cap{float:left;text-align:center;line-height:1;font-size:50px}.elementor-widget-text-editor .elementor-drop-cap-letter{display:inline-block}<\/style>\t\t\t\t<p><span style=\"font-weight: 400;\">Vuosien varrella lukuisissa suomalaisen jazzin ja groovemusiikin avainkokoonpanoissa vaikuttanut Tuomo palaa pitk\u00e4st\u00e4 aikaa sooloartistina lavoille upouudella kokoonpanolla!<\/span><\/p><p><span style=\"font-weight: 400;\">Vuonna 2007 julkaistun My thing -debyytin perinteisest\u00e4 soulista kamaripopin ja modernin r&amp;b:n kautta elektronisiin kokeiluihin kulkenut artisti jatkaa musiikillista tutkimusmatkaansa. Matkan tavoitteena on genrerajojen luonnonmukainen ja lopullinen katoaminen ja sen varrella voi pys\u00e4hty\u00e4 yht\u00e4 hyvin tanssimaan kuin meditoimaankin!<\/span><\/p><p><span style=\"font-weight: 400;\">Soolouransa ohella Tuomo Pr\u00e4tt\u00e4l\u00e4 tunnetaan mm. Ilmiliekki Quartetin ja Linda Fredriksson Juniperin pianisti\/kosketinsoittajana. H\u00e4n on toiminut vierailevana laulajana mm. SMG:n, Olavi Uusivirran ja DJBB:n levyill\u00e4 sek\u00e4 tuottaja\/biisinkirjoittajana lukuisille eri artisteille. Viime vuosina h\u00e4n on s\u00e4velt\u00e4nyt my\u00f6s moderniksi klassiseksi laskettavaa instrumentaalimusiikkia. Sinfoniaorkesterille ja syntetisaattoreille s\u00e4velletty 30 min pituinen teos MOD kantaesitettiin maaliskuussa 2022 Oulu Sinfonian toimesta.<\/span><\/p>\t\t\t\t\t\t<\/div>\n\t\t\t\t<\/div>\n\t\t\t\t\t<\/div>\n\t\t<\/div>\n\t\t\t\t\t\t\t<\/div>\n\t\t<\/section>\n\t\t\t\t<section class=\"elementor-section elementor-top-section elementor-element elementor-element-5a75a1fa elementor-section-boxed elementor-section-height-default elementor-section-height-default\" data-id=\"5a75a1fa\" data-element_type=\"section\">\n\t\t\t\t\t\t<div class=\"elementor-container elementor-column-gap-default\">\n\t\t\t\t\t<div class=\"elementor-column elementor-col-100 elementor-top-column elementor-element elementor-element-335f0998\" data-id=\"335f0998\" data-element_type=\"column\">\n\t\t\t<div class=\"elementor-widget-wrap elementor-element-populated\">\n\t\t\t\t\t\t\t\t<div class=\"elementor-element elementor-element-47879563 elementor-align-center elementor-widget elementor-widget-button\" data-id=\"47879563\" data-element_type=\"widget\" data-widget_type=\"button.default\">\n\t\t\t\t<div class=\"elementor-widget-container\">\n\t\t\t\t\t<div class=\"elementor-button-wrapper\">\n\t\t\t<a class=\"elementor-button elementor-button-link elementor-size-md\" href=\"https:\/\/winegarden.fi\/esiintyjat\/\">\n\t\t\t\t\t\t<span class=\"elementor-button-content-wrapper\">\n\t\t\t\t\t\t<span class=\"elementor-button-text\">Takaisin esiintyjiin >><\/span>\n\t\t<\/span>\n\t\t\t\t\t<\/a>\n\t\t<\/div>\n\t\t\t\t<\/div>\n\t\t\t\t<\/div>\n\t\t\t\t\t<\/div>\n\t\t<\/div>\n\t\t\t\t\t\t\t<\/div>\n\t\t<\/section>\n\t\t\t\t\t\t\t<\/div>\n\t\t","protected":false},"excerpt":{"rendered":"<p>Tuomo Vuosien varrella lukuisissa suomalaisen jazzin ja groovemusiikin avainkokoonpanoissa vaikuttanut Tuomo palaa pitk\u00e4st\u00e4 aikaa sooloartistina lavoille upouudella kokoonpanolla! Vuonna 2007 julkaistun My thing -debyytin perinteisest\u00e4 soulista kamaripopin ja modernin r&amp;b:n kautta elektronisiin kokeiluihin kulkenut artisti jatkaa musiikillista tutkimusmatkaansa. Matkan tavoitteena on genrerajojen luonnonmukainen ja lopullinen katoaminen ja sen varrella voi pys\u00e4hty\u00e4 yht\u00e4 hyvin tanssimaan kuin [&hellip;]<\/p>\n","protected":false},"author":2,"featured_media":0,"parent":9640,"menu_order":0,"comment_status":"closed","ping_status":"closed","template":"elementor_header_footer","meta":[],"_links":{"self":[{"href":"https:\/\/winegarden.fi\/en\/wp-json\/wp\/v2\/pages\/9978"}],"collection":[{"href":"https:\/\/winegarden.fi\/en\/wp-json\/wp\/v2\/pages"}],"about":[{"href":"https:\/\/winegarden.fi\/en\/wp-json\/wp\/v2\/types\/page"}],"author":[{"embeddable":true,"href":"https:\/\/winegarden.fi\/en\/wp-json\/wp\/v2\/users\/2"}],"replies":[{"embeddable":true,"href":"https:\/\/winegarden.fi\/en\/wp-json\/wp\/v2\/comments?post=9978"}],"version-history":[{"count":17,"href":"https:\/\/winegarden.fi\/en\/wp-json\/wp\/v2\/pages\/9978\/revisions"}],"predecessor-version":[{"id":10109,"href":"https:\/\/winegarden.fi\/en\/wp-json\/wp\/v2\/pages\/9978\/revisions\/10109"}],"up":[{"embeddable":true,"href":"https:\/\/winegarden.fi\/en\/wp-json\/wp\/v2\/pages\/9640"}],"wp:attachment":[{"href":"https:\/\/winegarden.fi\/en\/wp-json\/wp\/v2\/media?parent=9978"}],"curies":[{"name":"wp","href":"https:\/\/api.w.org\/{rel}","templated":true}]}}