{"id":9984,"date":"2022-03-31T15:24:24","date_gmt":"2022-03-31T12:24:24","guid":{"rendered":"https:\/\/winegarden.fi\/?page_id=9984"},"modified":"2022-04-21T11:03:07","modified_gmt":"2022-04-21T08:03:07","slug":"sointi-jazz-orchestra-ja-matti-johannes-koivu","status":"publish","type":"page","link":"https:\/\/winegarden.fi\/en\/esiintyjat\/sointi-jazz-orchestra-ja-matti-johannes-koivu\/","title":{"rendered":"Matti Johannes Koivu &#038; Sointi Jazz Orchestra"},"content":{"rendered":"\t\t<div data-elementor-type=\"wp-page\" data-elementor-id=\"9984\" class=\"elementor elementor-9984\">\n\t\t\t\t\t\t\t\t\t<section class=\"elementor-section elementor-top-section elementor-element elementor-element-41d6278b elementor-section-full_width elementor-section-height-min-height elementor-section-height-default elementor-section-items-middle\" data-id=\"41d6278b\" data-element_type=\"section\">\n\t\t\t\t\t\t<div class=\"elementor-container elementor-column-gap-default\">\n\t\t\t\t\t<div class=\"elementor-column elementor-col-50 elementor-top-column elementor-element elementor-element-3581532a\" data-id=\"3581532a\" data-element_type=\"column\">\n\t\t\t<div class=\"elementor-widget-wrap elementor-element-populated\">\n\t\t\t\t\t\t\t\t<div class=\"elementor-element elementor-element-b8d8a52 elementor-arrows-position-inside elementor-pagination-position-outside elementor-widget elementor-widget-image-carousel\" data-id=\"b8d8a52\" data-element_type=\"widget\" data-settings=\"{&quot;slides_to_show&quot;:&quot;1&quot;,&quot;navigation&quot;:&quot;both&quot;,&quot;autoplay&quot;:&quot;yes&quot;,&quot;pause_on_hover&quot;:&quot;yes&quot;,&quot;pause_on_interaction&quot;:&quot;yes&quot;,&quot;autoplay_speed&quot;:5000,&quot;infinite&quot;:&quot;yes&quot;,&quot;effect&quot;:&quot;slide&quot;,&quot;speed&quot;:500}\" data-widget_type=\"image-carousel.default\">\n\t\t\t\t<div class=\"elementor-widget-container\">\n\t\t\t<style>\/*! elementor - v3.15.0 - 20-08-2023 *\/\n.elementor-widget-image-carousel .swiper,.elementor-widget-image-carousel .swiper-container{position:static}.elementor-widget-image-carousel .swiper-container .swiper-slide figure,.elementor-widget-image-carousel .swiper .swiper-slide figure{line-height:inherit}.elementor-widget-image-carousel .swiper-slide{text-align:center}.elementor-image-carousel-wrapper:not(.swiper-container-initialized):not(.swiper-initialized) .swiper-slide{max-width:calc(100% \/ var(--e-image-carousel-slides-to-show, 3))}<\/style>\t\t<div class=\"elementor-image-carousel-wrapper swiper-container\" dir=\"ltr\">\n\t\t\t<div class=\"elementor-image-carousel swiper-wrapper\" aria-live=\"off\">\n\t\t\t\t\t\t\t\t<div class=\"swiper-slide\" role=\"group\" aria-roledescription=\"slide\" aria-label=\"1 of 2\"><figure class=\"swiper-slide-inner\"><img class=\"swiper-slide-image\" src=\"https:\/\/i0.wp.com\/winegarden.fi\/wp-content\/uploads\/2022\/04\/sjoXmjk2.jpg?fit=768%2C768&amp;ssl=1\" alt=\"sjoXmjk2\" \/><\/figure><\/div><div class=\"swiper-slide\" role=\"group\" aria-roledescription=\"slide\" aria-label=\"2 of 2\"><figure class=\"swiper-slide-inner\"><img class=\"swiper-slide-image\" src=\"https:\/\/i0.wp.com\/winegarden.fi\/wp-content\/uploads\/2022\/04\/sjoXmjk3.jpg?fit=768%2C768&amp;ssl=1\" alt=\"sjoXmjk3\" \/><\/figure><\/div>\t\t\t<\/div>\n\t\t\t\t\t\t\t\t\t\t\t\t<div class=\"elementor-swiper-button elementor-swiper-button-prev\" role=\"button\" tabindex=\"0\">\n\t\t\t\t\t\t<i aria-hidden=\"true\" class=\"eicon-chevron-left\"><\/i>\t\t\t\t\t<\/div>\n\t\t\t\t\t<div class=\"elementor-swiper-button elementor-swiper-button-next\" role=\"button\" tabindex=\"0\">\n\t\t\t\t\t\t<i aria-hidden=\"true\" class=\"eicon-chevron-right\"><\/i>\t\t\t\t\t<\/div>\n\t\t\t\t\n\t\t\t\t\t\t\t\t\t<div class=\"swiper-pagination\"><\/div>\n\t\t\t\t\t\t\t\t\t<\/div>\n\t\t\t\t<\/div>\n\t\t\t\t<\/div>\n\t\t\t\t\t<\/div>\n\t\t<\/div>\n\t\t\t\t<div class=\"elementor-column elementor-col-50 elementor-top-column elementor-element elementor-element-47c4c666\" data-id=\"47c4c666\" data-element_type=\"column\">\n\t\t\t<div class=\"elementor-widget-wrap elementor-element-populated\">\n\t\t\t\t\t\t\t\t<div class=\"elementor-element elementor-element-2bcd80a1 elementor-widget elementor-widget-heading\" data-id=\"2bcd80a1\" data-element_type=\"widget\" data-widget_type=\"heading.default\">\n\t\t\t\t<div class=\"elementor-widget-container\">\n\t\t\t<style>\/*! elementor - v3.15.0 - 20-08-2023 *\/\n.elementor-heading-title{padding:0;margin:0;line-height:1}.elementor-widget-heading .elementor-heading-title[class*=elementor-size-]>a{color:inherit;font-size:inherit;line-height:inherit}.elementor-widget-heading .elementor-heading-title.elementor-size-small{font-size:15px}.elementor-widget-heading .elementor-heading-title.elementor-size-medium{font-size:19px}.elementor-widget-heading .elementor-heading-title.elementor-size-large{font-size:29px}.elementor-widget-heading .elementor-heading-title.elementor-size-xl{font-size:39px}.elementor-widget-heading .elementor-heading-title.elementor-size-xxl{font-size:59px}<\/style><h2 class=\"elementor-heading-title elementor-size-default\">Matti Johannes Koivu & Sointi Jazz Orchestra<\/h2>\t\t<\/div>\n\t\t\t\t<\/div>\n\t\t\t\t<div class=\"elementor-element elementor-element-3f4ea2f3 elementor-widget elementor-widget-text-editor\" data-id=\"3f4ea2f3\" data-element_type=\"widget\" data-widget_type=\"text-editor.default\">\n\t\t\t\t<div class=\"elementor-widget-container\">\n\t\t\t<style>\/*! elementor - v3.15.0 - 20-08-2023 *\/\n.elementor-widget-text-editor.elementor-drop-cap-view-stacked .elementor-drop-cap{background-color:#69727d;color:#fff}.elementor-widget-text-editor.elementor-drop-cap-view-framed .elementor-drop-cap{color:#69727d;border:3px solid;background-color:transparent}.elementor-widget-text-editor:not(.elementor-drop-cap-view-default) .elementor-drop-cap{margin-top:8px}.elementor-widget-text-editor:not(.elementor-drop-cap-view-default) .elementor-drop-cap-letter{width:1em;height:1em}.elementor-widget-text-editor .elementor-drop-cap{float:left;text-align:center;line-height:1;font-size:50px}.elementor-widget-text-editor .elementor-drop-cap-letter{display:inline-block}<\/style>\t\t\t\t<p><span style=\"font-weight: 400;\">Sointi Jazz Orchestra on yhdeks\u00e4n toimintavuotensa aikana vakiinnuttanut paikkansa suomalaisen jazzin eturivin kokeilijana!<\/span><\/p><p><span style=\"font-weight: 400;\">Eturivin nuorista muusikoista koostuva 18-henkinen SJO on poikkeuksellinen yhtye, joka uudistaa ja el\u00e4v\u00f6itt\u00e4\u00e4 koko suomalaista big band -kulttuuria. Yhtye tunnetaan persoonallisesta ja yll\u00e4tt\u00e4v\u00e4st\u00e4 soundistaan, joka syntyy ep\u00e4tavallisesta instrumentaatiosta ja tuoreista vaihtosoittimia hy\u00f6dynt\u00e4vist\u00e4 sovituksista.<\/span><\/p><p><span style=\"font-weight: 400;\">Matti Johannes Koivu kuuluu maamme vahvimpien laulaja-lauluntekij\u00f6iden riviin. H\u00e4net tunnetaan artistina, joka ei ep\u00e4r\u00f6i tuoda tunteitaan musiikkiin.\u00a0<\/span><\/p><p><span style=\"font-weight: 400;\">Suuren yleis\u00f6n tietoon Koivu tuli alunperin cover-versioista, joita h\u00e4n teki Irwin Goodmanin esitt\u00e4mist\u00e4 kappaleista. Koivun musiikissa on kuultavissa vivahteita mm. folkista ja beat-musiikista, ja Wine Gardenissa p\u00e4\u00e4semmekin kuulemaan kuinka h\u00e4nen kappaleensa muovautuvat ison jazzorkesterin k\u00e4sittelyss\u00e4. <\/span><\/p>\t\t\t\t\t\t<\/div>\n\t\t\t\t<\/div>\n\t\t\t\t\t<\/div>\n\t\t<\/div>\n\t\t\t\t\t\t\t<\/div>\n\t\t<\/section>\n\t\t\t\t<section class=\"elementor-section elementor-top-section elementor-element elementor-element-1d037980 elementor-section-boxed elementor-section-height-default elementor-section-height-default\" data-id=\"1d037980\" data-element_type=\"section\">\n\t\t\t\t\t\t<div class=\"elementor-container elementor-column-gap-default\">\n\t\t\t\t\t<div class=\"elementor-column elementor-col-100 elementor-top-column elementor-element elementor-element-70ac3c43\" data-id=\"70ac3c43\" data-element_type=\"column\">\n\t\t\t<div class=\"elementor-widget-wrap elementor-element-populated\">\n\t\t\t\t\t\t\t\t<div class=\"elementor-element elementor-element-28c5ce4d elementor-align-center elementor-widget elementor-widget-button\" data-id=\"28c5ce4d\" data-element_type=\"widget\" data-widget_type=\"button.default\">\n\t\t\t\t<div class=\"elementor-widget-container\">\n\t\t\t\t\t<div class=\"elementor-button-wrapper\">\n\t\t\t<a class=\"elementor-button elementor-button-link elementor-size-md\" href=\"https:\/\/winegarden.fi\/esiintyjat\/\">\n\t\t\t\t\t\t<span class=\"elementor-button-content-wrapper\">\n\t\t\t\t\t\t<span class=\"elementor-button-text\">Takaisin esiintyjiin >><\/span>\n\t\t<\/span>\n\t\t\t\t\t<\/a>\n\t\t<\/div>\n\t\t\t\t<\/div>\n\t\t\t\t<\/div>\n\t\t\t\t\t<\/div>\n\t\t<\/div>\n\t\t\t\t\t\t\t<\/div>\n\t\t<\/section>\n\t\t\t\t\t\t\t<\/div>\n\t\t","protected":false},"excerpt":{"rendered":"<p>Edellinen Seuraava Matti Johannes Koivu &#038; Sointi Jazz Orchestra Sointi Jazz Orchestra on yhdeks\u00e4n toimintavuotensa aikana vakiinnuttanut paikkansa suomalaisen jazzin eturivin kokeilijana! Eturivin nuorista muusikoista koostuva 18-henkinen SJO on poikkeuksellinen yhtye, joka uudistaa ja el\u00e4v\u00f6itt\u00e4\u00e4 koko suomalaista big band -kulttuuria. Yhtye tunnetaan persoonallisesta ja yll\u00e4tt\u00e4v\u00e4st\u00e4 soundistaan, joka syntyy ep\u00e4tavallisesta instrumentaatiosta ja tuoreista vaihtosoittimia hy\u00f6dynt\u00e4vist\u00e4 sovituksista. [&hellip;]<\/p>\n","protected":false},"author":2,"featured_media":0,"parent":9640,"menu_order":0,"comment_status":"closed","ping_status":"closed","template":"elementor_header_footer","meta":[],"_links":{"self":[{"href":"https:\/\/winegarden.fi\/en\/wp-json\/wp\/v2\/pages\/9984"}],"collection":[{"href":"https:\/\/winegarden.fi\/en\/wp-json\/wp\/v2\/pages"}],"about":[{"href":"https:\/\/winegarden.fi\/en\/wp-json\/wp\/v2\/types\/page"}],"author":[{"embeddable":true,"href":"https:\/\/winegarden.fi\/en\/wp-json\/wp\/v2\/users\/2"}],"replies":[{"embeddable":true,"href":"https:\/\/winegarden.fi\/en\/wp-json\/wp\/v2\/comments?post=9984"}],"version-history":[{"count":23,"href":"https:\/\/winegarden.fi\/en\/wp-json\/wp\/v2\/pages\/9984\/revisions"}],"predecessor-version":[{"id":10094,"href":"https:\/\/winegarden.fi\/en\/wp-json\/wp\/v2\/pages\/9984\/revisions\/10094"}],"up":[{"embeddable":true,"href":"https:\/\/winegarden.fi\/en\/wp-json\/wp\/v2\/pages\/9640"}],"wp:attachment":[{"href":"https:\/\/winegarden.fi\/en\/wp-json\/wp\/v2\/media?parent=9984"}],"curies":[{"name":"wp","href":"https:\/\/api.w.org\/{rel}","templated":true}]}}